{"id":3236,"date":"2024-01-25T16:58:49","date_gmt":"2024-01-25T15:58:49","guid":{"rendered":"https:\/\/nordend.eu\/datenschutzbestimmungen\/"},"modified":"2024-01-25T17:06:05","modified_gmt":"2024-01-25T16:06:05","slug":"datenschutzbestimmungen","status":"publish","type":"page","link":"https:\/\/nordend.eu\/de\/datenschutzbestimmungen\/","title":{"rendered":"Datenschutzbestimmungen"},"content":{"rendered":"\t\t<div data-elementor-type=\"wp-page\" data-elementor-id=\"3236\" class=\"elementor elementor-3236 elementor-3219\" data-elementor-post-type=\"page\">\n\t\t\t\t\t\t<section class=\"elementor-section elementor-top-section elementor-element elementor-element-f016b6b elementor-section-boxed elementor-section-height-default elementor-section-height-default\" data-id=\"f016b6b\" data-element_type=\"section\" data-e-type=\"section\" data-settings=\"{&quot;ekit_has_onepagescroll_dot&quot;:&quot;yes&quot;}\">\n\t\t\t\t\t\t<div class=\"elementor-container elementor-column-gap-default\">\n\t\t\t\t\t<div class=\"elementor-column elementor-col-100 elementor-top-column elementor-element elementor-element-316ce4b\" data-id=\"316ce4b\" data-element_type=\"column\" data-e-type=\"column\">\n\t\t\t<div class=\"elementor-widget-wrap elementor-element-populated\">\n\t\t\t\t\t\t<div class=\"elementor-element elementor-element-febe8b8 elementor-widget elementor-widget-heading\" data-id=\"febe8b8\" data-element_type=\"widget\" data-e-type=\"widget\" data-settings=\"{&quot;ekit_we_effect_on&quot;:&quot;none&quot;}\" data-widget_type=\"heading.default\">\n\t\t\t\t<div class=\"elementor-widget-container\">\n\t\t\t\t\t<h2 class=\"elementor-heading-title elementor-size-default\">Datenschutzbestimmungen<\/h2>\t\t\t\t<\/div>\n\t\t\t\t<\/div>\n\t\t\t\t<div class=\"elementor-element elementor-element-8fbcc9a elementor-widget elementor-widget-text-editor\" data-id=\"8fbcc9a\" data-element_type=\"widget\" data-e-type=\"widget\" data-settings=\"{&quot;ekit_we_effect_on&quot;:&quot;none&quot;}\" data-widget_type=\"text-editor.default\">\n\t\t\t\t<div class=\"elementor-widget-container\">\n\t\t\t\t\t\t\t\t\t<p>Nordend<br \/>Gehuchtstraat 183 \/ 001<br \/>1640 Sint-Genesius-Rode<br \/>Belgien<\/p>\n<p>f\u00fcr die Kundenverwaltung auf der Grundlage des Vertragsverh\u00e4ltnisses, das sich aus Ihrer Bestellung \/ Ihrem Kauf ergibt, und f\u00fcr das Direktmarketing (\/ um Ihnen neue Produkte oder Dienstleistungen anzubieten) auf der Grundlage unseres berechtigten Interesses an der Gesch\u00e4ftsabwicklung. Wenn Sie nicht m\u00f6chten, dass wir Ihre Daten f\u00fcr Direktmarketingzwecke verarbeiten, gen\u00fcgt es, uns dies unter info@nordend.eu mitzuteilen. Dort k\u00f6nnen Sie jederzeit erfragen, welche Daten wir \u00fcber Sie verarbeiten, und diese berichtigen oder l\u00f6schen lassen oder ihre \u00dcbermittlung beantragen.<\/p>\n<p>Wenn Sie mit der Art und Weise, wie wir Ihre Daten verarbeiten, nicht einverstanden sind, k\u00f6nnen Sie sich an die Kommission f\u00fcr den Schutz der Privatsph\u00e4re (Drukpersstraat 35, 1000 Br\u00fcssel) wenden.<\/p>\n\t\t\t\t\t\t\t\t<\/div>\n\t\t\t\t<\/div>\n\t\t\t\t\t<\/div>\n\t\t<\/div>\n\t\t\t\t\t<\/div>\n\t\t<\/section>\n\t\t\t\t<\/div>\n\t\t","protected":false},"excerpt":{"rendered":"<p>Datenschutzbestimmungen NordendGehuchtstraat 183 \/ 0011640 Sint-Genesius-RodeBelgien f\u00fcr die Kundenverwaltung auf der Grundlage des Vertragsverh\u00e4ltnisses, das sich aus Ihrer Bestellung \/ Ihrem Kauf ergibt, und f\u00fcr das Direktmarketing (\/ um Ihnen neue Produkte oder Dienstleistungen anzubieten) auf der Grundlage unseres berechtigten Interesses an der Gesch\u00e4ftsabwicklung. Wenn Sie nicht m\u00f6chten, dass wir Ihre Daten f\u00fcr Direktmarketingzwecke verarbeiten, [&hellip;]<\/p>\n","protected":false},"author":1,"featured_media":0,"parent":0,"menu_order":0,"comment_status":"closed","ping_status":"closed","template":"elementor_header_footer","meta":{"footnotes":""},"class_list":["post-3236","page","type-page","status-publish","hentry"],"yoast_head":"<!-- This site is optimized with the Yoast SEO plugin v27.5 - https:\/\/yoast.com\/product\/yoast-seo-wordpress\/ -->\n<title>Datenschutzbestimmungen - Nordend<\/title>\n<meta name=\"robots\" content=\"index, follow, max-snippet:-1, max-image-preview:large, max-video-preview:-1\" \/>\n<link rel=\"canonical\" href=\"https:\/\/nordend.eu\/de\/datenschutzbestimmungen\/\" \/>\n<meta property=\"og:locale\" content=\"de_DE\" \/>\n<meta property=\"og:type\" content=\"article\" \/>\n<meta property=\"og:title\" content=\"Datenschutzbestimmungen - Nordend\" \/>\n<meta property=\"og:description\" content=\"Datenschutzbestimmungen NordendGehuchtstraat 183 \/ 0011640 Sint-Genesius-RodeBelgien f\u00fcr die Kundenverwaltung auf der Grundlage des Vertragsverh\u00e4ltnisses, das sich aus Ihrer Bestellung \/ Ihrem Kauf ergibt, und f\u00fcr das Direktmarketing (\/ um Ihnen neue Produkte oder Dienstleistungen anzubieten) auf der Grundlage unseres berechtigten Interesses an der Gesch\u00e4ftsabwicklung. Wenn Sie nicht m\u00f6chten, dass wir Ihre Daten f\u00fcr Direktmarketingzwecke verarbeiten, [&hellip;]\" \/>\n<meta property=\"og:url\" content=\"https:\/\/nordend.eu\/de\/datenschutzbestimmungen\/\" \/>\n<meta property=\"og:site_name\" content=\"Nordend\" \/>\n<meta property=\"article:modified_time\" content=\"2024-01-25T16:06:05+00:00\" \/>\n<meta property=\"og:image\" content=\"https:\/\/nordend.eu\/wp-content\/uploads\/2023\/06\/logo-header.png\" \/>\n\t<meta property=\"og:image:width\" content=\"850\" \/>\n\t<meta property=\"og:image:height\" content=\"810\" \/>\n\t<meta property=\"og:image:type\" content=\"image\/png\" \/>\n<meta name=\"twitter:card\" content=\"summary_large_image\" \/>\n<meta name=\"twitter:label1\" content=\"Gesch\u00e4tzte Lesezeit\" \/>\n\t<meta name=\"twitter:data1\" content=\"1\u00a0Minute\" \/>\n<script type=\"application\/ld+json\" class=\"yoast-schema-graph\">{\"@context\":\"https:\\\/\\\/schema.org\",\"@graph\":[{\"@type\":\"WebPage\",\"@id\":\"https:\\\/\\\/nordend.eu\\\/de\\\/datenschutzbestimmungen\\\/\",\"url\":\"https:\\\/\\\/nordend.eu\\\/de\\\/datenschutzbestimmungen\\\/\",\"name\":\"Datenschutzbestimmungen - Nordend\",\"isPartOf\":{\"@id\":\"https:\\\/\\\/nordend.eu\\\/de\\\/#website\"},\"datePublished\":\"2024-01-25T15:58:49+00:00\",\"dateModified\":\"2024-01-25T16:06:05+00:00\",\"breadcrumb\":{\"@id\":\"https:\\\/\\\/nordend.eu\\\/de\\\/datenschutzbestimmungen\\\/#breadcrumb\"},\"inLanguage\":\"de\",\"potentialAction\":[{\"@type\":\"ReadAction\",\"target\":[\"https:\\\/\\\/nordend.eu\\\/de\\\/datenschutzbestimmungen\\\/\"]}]},{\"@type\":\"BreadcrumbList\",\"@id\":\"https:\\\/\\\/nordend.eu\\\/de\\\/datenschutzbestimmungen\\\/#breadcrumb\",\"itemListElement\":[{\"@type\":\"ListItem\",\"position\":1,\"name\":\"Home\",\"item\":\"https:\\\/\\\/nordend.eu\\\/de\\\/\"},{\"@type\":\"ListItem\",\"position\":2,\"name\":\"Datenschutzbestimmungen\"}]},{\"@type\":\"WebSite\",\"@id\":\"https:\\\/\\\/nordend.eu\\\/de\\\/#website\",\"url\":\"https:\\\/\\\/nordend.eu\\\/de\\\/\",\"name\":\"Nordend\",\"description\":\"Software is the means to an end\",\"publisher\":{\"@id\":\"https:\\\/\\\/nordend.eu\\\/de\\\/#organization\"},\"potentialAction\":[{\"@type\":\"SearchAction\",\"target\":{\"@type\":\"EntryPoint\",\"urlTemplate\":\"https:\\\/\\\/nordend.eu\\\/de\\\/?s={search_term_string}\"},\"query-input\":{\"@type\":\"PropertyValueSpecification\",\"valueRequired\":true,\"valueName\":\"search_term_string\"}}],\"inLanguage\":\"de\"},{\"@type\":\"Organization\",\"@id\":\"https:\\\/\\\/nordend.eu\\\/de\\\/#organization\",\"name\":\"Nordend\",\"url\":\"https:\\\/\\\/nordend.eu\\\/de\\\/\",\"logo\":{\"@type\":\"ImageObject\",\"inLanguage\":\"de\",\"@id\":\"https:\\\/\\\/nordend.eu\\\/de\\\/#\\\/schema\\\/logo\\\/image\\\/\",\"url\":\"https:\\\/\\\/nordend.eu\\\/wp-content\\\/uploads\\\/2026\\\/03\\\/logo-header-26.png\",\"contentUrl\":\"https:\\\/\\\/nordend.eu\\\/wp-content\\\/uploads\\\/2026\\\/03\\\/logo-header-26.png\",\"width\":850,\"height\":810,\"caption\":\"Nordend\"},\"image\":{\"@id\":\"https:\\\/\\\/nordend.eu\\\/de\\\/#\\\/schema\\\/logo\\\/image\\\/\"},\"sameAs\":[\"https:\\\/\\\/www.linkedin.com\\\/company\\\/37897769\\\/\"]}]}<\/script>\n<!-- \/ Yoast SEO plugin. -->","yoast_head_json":{"title":"Datenschutzbestimmungen - Nordend","robots":{"index":"index","follow":"follow","max-snippet":"max-snippet:-1","max-image-preview":"max-image-preview:large","max-video-preview":"max-video-preview:-1"},"canonical":"https:\/\/nordend.eu\/de\/datenschutzbestimmungen\/","og_locale":"de_DE","og_type":"article","og_title":"Datenschutzbestimmungen - Nordend","og_description":"Datenschutzbestimmungen NordendGehuchtstraat 183 \/ 0011640 Sint-Genesius-RodeBelgien f\u00fcr die Kundenverwaltung auf der Grundlage des Vertragsverh\u00e4ltnisses, das sich aus Ihrer Bestellung \/ Ihrem Kauf ergibt, und f\u00fcr das Direktmarketing (\/ um Ihnen neue Produkte oder Dienstleistungen anzubieten) auf der Grundlage unseres berechtigten Interesses an der Gesch\u00e4ftsabwicklung. Wenn Sie nicht m\u00f6chten, dass wir Ihre Daten f\u00fcr Direktmarketingzwecke verarbeiten, [&hellip;]","og_url":"https:\/\/nordend.eu\/de\/datenschutzbestimmungen\/","og_site_name":"Nordend","article_modified_time":"2024-01-25T16:06:05+00:00","og_image":[{"width":850,"height":810,"url":"https:\/\/nordend.eu\/wp-content\/uploads\/2023\/06\/logo-header.png","type":"image\/png"}],"twitter_card":"summary_large_image","twitter_misc":{"Gesch\u00e4tzte Lesezeit":"1\u00a0Minute"},"schema":{"@context":"https:\/\/schema.org","@graph":[{"@type":"WebPage","@id":"https:\/\/nordend.eu\/de\/datenschutzbestimmungen\/","url":"https:\/\/nordend.eu\/de\/datenschutzbestimmungen\/","name":"Datenschutzbestimmungen - Nordend","isPartOf":{"@id":"https:\/\/nordend.eu\/de\/#website"},"datePublished":"2024-01-25T15:58:49+00:00","dateModified":"2024-01-25T16:06:05+00:00","breadcrumb":{"@id":"https:\/\/nordend.eu\/de\/datenschutzbestimmungen\/#breadcrumb"},"inLanguage":"de","potentialAction":[{"@type":"ReadAction","target":["https:\/\/nordend.eu\/de\/datenschutzbestimmungen\/"]}]},{"@type":"BreadcrumbList","@id":"https:\/\/nordend.eu\/de\/datenschutzbestimmungen\/#breadcrumb","itemListElement":[{"@type":"ListItem","position":1,"name":"Home","item":"https:\/\/nordend.eu\/de\/"},{"@type":"ListItem","position":2,"name":"Datenschutzbestimmungen"}]},{"@type":"WebSite","@id":"https:\/\/nordend.eu\/de\/#website","url":"https:\/\/nordend.eu\/de\/","name":"Nordend","description":"Software is the means to an end","publisher":{"@id":"https:\/\/nordend.eu\/de\/#organization"},"potentialAction":[{"@type":"SearchAction","target":{"@type":"EntryPoint","urlTemplate":"https:\/\/nordend.eu\/de\/?s={search_term_string}"},"query-input":{"@type":"PropertyValueSpecification","valueRequired":true,"valueName":"search_term_string"}}],"inLanguage":"de"},{"@type":"Organization","@id":"https:\/\/nordend.eu\/de\/#organization","name":"Nordend","url":"https:\/\/nordend.eu\/de\/","logo":{"@type":"ImageObject","inLanguage":"de","@id":"https:\/\/nordend.eu\/de\/#\/schema\/logo\/image\/","url":"https:\/\/nordend.eu\/wp-content\/uploads\/2026\/03\/logo-header-26.png","contentUrl":"https:\/\/nordend.eu\/wp-content\/uploads\/2026\/03\/logo-header-26.png","width":850,"height":810,"caption":"Nordend"},"image":{"@id":"https:\/\/nordend.eu\/de\/#\/schema\/logo\/image\/"},"sameAs":["https:\/\/www.linkedin.com\/company\/37897769\/"]}]}},"_links":{"self":[{"href":"https:\/\/nordend.eu\/de\/wp-json\/wp\/v2\/pages\/3236","targetHints":{"allow":["GET"]}}],"collection":[{"href":"https:\/\/nordend.eu\/de\/wp-json\/wp\/v2\/pages"}],"about":[{"href":"https:\/\/nordend.eu\/de\/wp-json\/wp\/v2\/types\/page"}],"author":[{"embeddable":true,"href":"https:\/\/nordend.eu\/de\/wp-json\/wp\/v2\/users\/1"}],"replies":[{"embeddable":true,"href":"https:\/\/nordend.eu\/de\/wp-json\/wp\/v2\/comments?post=3236"}],"version-history":[{"count":1,"href":"https:\/\/nordend.eu\/de\/wp-json\/wp\/v2\/pages\/3236\/revisions"}],"predecessor-version":[{"id":3237,"href":"https:\/\/nordend.eu\/de\/wp-json\/wp\/v2\/pages\/3236\/revisions\/3237"}],"wp:attachment":[{"href":"https:\/\/nordend.eu\/de\/wp-json\/wp\/v2\/media?parent=3236"}],"curies":[{"name":"wp","href":"https:\/\/api.w.org\/{rel}","templated":true}]}}