{"id":3586,"date":"2023-06-27T11:38:04","date_gmt":"2023-06-27T09:38:04","guid":{"rendered":"https:\/\/nordend.eu\/wander-und-fahrradkarten\/"},"modified":"2024-02-01T07:23:59","modified_gmt":"2024-02-01T06:23:59","slug":"wander-und-fahrradkarten","status":"publish","type":"page","link":"https:\/\/nordend.eu\/de\/wander-und-fahrradkarten\/","title":{"rendered":"Wander- und Fahrradkarten"},"content":{"rendered":"\t\t<div data-elementor-type=\"wp-page\" data-elementor-id=\"3586\" class=\"elementor elementor-3586 elementor-927\" data-elementor-post-type=\"page\">\n\t\t\t\t\t\t<section class=\"elementor-section elementor-top-section elementor-element elementor-element-52330148 elementor-section-height-min-height elementor-section-boxed elementor-section-height-default elementor-section-items-middle\" data-id=\"52330148\" data-element_type=\"section\" data-e-type=\"section\" data-settings=\"{&quot;background_background&quot;:&quot;classic&quot;,&quot;ekit_has_onepagescroll_dot&quot;:&quot;yes&quot;}\">\n\t\t\t\t\t\t\t<div class=\"elementor-background-overlay\"><\/div>\n\t\t\t\t\t\t\t<div class=\"elementor-container elementor-column-gap-default\">\n\t\t\t\t\t<div class=\"elementor-column elementor-col-100 elementor-top-column elementor-element elementor-element-8fa95b4\" data-id=\"8fa95b4\" data-element_type=\"column\" data-e-type=\"column\">\n\t\t\t<div class=\"elementor-widget-wrap elementor-element-populated\">\n\t\t\t\t\t\t<div class=\"elementor-element elementor-element-cf74b6a elementor-widget elementor-widget-heading\" data-id=\"cf74b6a\" data-element_type=\"widget\" data-e-type=\"widget\" data-settings=\"{&quot;ekit_we_effect_on&quot;:&quot;none&quot;}\" data-widget_type=\"heading.default\">\n\t\t\t\t<div class=\"elementor-widget-container\">\n\t\t\t\t\t<span class=\"elementor-heading-title elementor-size-default\">Projekte<\/span>\t\t\t\t<\/div>\n\t\t\t\t<\/div>\n\t\t\t\t<div class=\"elementor-element elementor-element-74090f6 elementor-widget-divider--view-line elementor-widget elementor-widget-divider\" data-id=\"74090f6\" data-element_type=\"widget\" data-e-type=\"widget\" data-settings=\"{&quot;ekit_we_effect_on&quot;:&quot;none&quot;}\" data-widget_type=\"divider.default\">\n\t\t\t\t<div class=\"elementor-widget-container\">\n\t\t\t\t\t\t\t<div class=\"elementor-divider\">\n\t\t\t<span class=\"elementor-divider-separator\">\n\t\t\t\t\t\t<\/span>\n\t\t<\/div>\n\t\t\t\t\t\t<\/div>\n\t\t\t\t<\/div>\n\t\t\t\t<div class=\"elementor-element elementor-element-49b1c44d elementor-widget elementor-widget-heading\" data-id=\"49b1c44d\" data-element_type=\"widget\" data-e-type=\"widget\" data-settings=\"{&quot;ekit_we_effect_on&quot;:&quot;none&quot;}\" data-widget_type=\"heading.default\">\n\t\t\t\t<div class=\"elementor-widget-container\">\n\t\t\t\t\t<h1 class=\"elementor-heading-title elementor-size-default\">Wander- und Fahrradkarten<\/h1>\t\t\t\t<\/div>\n\t\t\t\t<\/div>\n\t\t\t\t\t<\/div>\n\t\t<\/div>\n\t\t\t\t\t<\/div>\n\t\t<\/section>\n\t\t\t\t<section class=\"elementor-section elementor-top-section elementor-element elementor-element-a926994 elementor-reverse-tablet elementor-reverse-mobile elementor-section-boxed elementor-section-height-default elementor-section-height-default\" data-id=\"a926994\" data-element_type=\"section\" data-e-type=\"section\" data-settings=\"{&quot;ekit_has_onepagescroll_dot&quot;:&quot;yes&quot;}\">\n\t\t\t\t\t\t<div class=\"elementor-container elementor-column-gap-default\">\n\t\t\t\t\t<div class=\"elementor-column elementor-col-50 elementor-top-column elementor-element elementor-element-fe58c57\" data-id=\"fe58c57\" data-element_type=\"column\" data-e-type=\"column\" data-settings=\"{&quot;background_background&quot;:&quot;classic&quot;}\">\n\t\t\t<div class=\"elementor-widget-wrap elementor-element-populated\">\n\t\t\t\t\t\t<div class=\"elementor-element elementor-element-4ca1e80 elementor-widget elementor-widget-heading\" data-id=\"4ca1e80\" data-element_type=\"widget\" data-e-type=\"widget\" data-settings=\"{&quot;ekit_we_effect_on&quot;:&quot;none&quot;}\" data-widget_type=\"heading.default\">\n\t\t\t\t<div class=\"elementor-widget-container\">\n\t\t\t\t\t<h6 class=\"elementor-heading-title elementor-size-default\">Kartenkenntnisse<\/h6>\t\t\t\t<\/div>\n\t\t\t\t<\/div>\n\t\t\t\t<div class=\"elementor-element elementor-element-36de32d elementor-widget__width-auto elementor-widget elementor-widget-heading\" data-id=\"36de32d\" data-element_type=\"widget\" data-e-type=\"widget\" data-settings=\"{&quot;ekit_we_effect_on&quot;:&quot;none&quot;}\" data-widget_type=\"heading.default\">\n\t\t\t\t<div class=\"elementor-widget-container\">\n\t\t\t\t\t<h2 class=\"elementor-heading-title elementor-size-default\">Einheitliche Karte von Luxemburg<\/h2>\t\t\t\t<\/div>\n\t\t\t\t<\/div>\n\t\t\t\t<div class=\"elementor-element elementor-element-2cf3e44 elementor-widget elementor-widget-text-editor\" data-id=\"2cf3e44\" data-element_type=\"widget\" data-e-type=\"widget\" data-settings=\"{&quot;ekit_we_effect_on&quot;:&quot;none&quot;}\" data-widget_type=\"text-editor.default\">\n\t\t\t\t<div class=\"elementor-widget-container\">\n\t\t\t\t\t\t\t\t\t<p>Nordend und Red Geographics haben gemeinsam im Auftrag des Wirtschaftsministeriums (Generaldirektion f\u00fcr Tourismus) eine Basiskarte f\u00fcr das Gro\u00dfherzogtum Luxemburg erstellt. Unser Ansatz?<\/p>\n\t\t\t\t\t\t\t\t<\/div>\n\t\t\t\t<\/div>\n\t\t\t\t<div class=\"elementor-element elementor-element-5fa36f0 elementor-icon-list--layout-traditional elementor-list-item-link-full_width elementor-widget elementor-widget-icon-list\" data-id=\"5fa36f0\" data-element_type=\"widget\" data-e-type=\"widget\" data-settings=\"{&quot;ekit_we_effect_on&quot;:&quot;none&quot;}\" data-widget_type=\"icon-list.default\">\n\t\t\t\t<div class=\"elementor-widget-container\">\n\t\t\t\t\t\t\t<ul class=\"elementor-icon-list-items\">\n\t\t\t\t\t\t\t<li class=\"elementor-icon-list-item\">\n\t\t\t\t\t\t\t\t\t\t\t<span class=\"elementor-icon-list-icon\">\n\t\t\t\t\t\t\t<i aria-hidden=\"true\" class=\"fas fa-chevron-right\"><\/i>\t\t\t\t\t\t<\/span>\n\t\t\t\t\t\t\t\t\t\t<span class=\"elementor-icon-list-text\">Wir haben eine Basiskarte mit Daten aus dem Grundbuch, OpenStreetMap und anderen Quellen erstellt.<\/span>\n\t\t\t\t\t\t\t\t\t<\/li>\n\t\t\t\t\t\t\t\t<li class=\"elementor-icon-list-item\">\n\t\t\t\t\t\t\t\t\t\t\t<span class=\"elementor-icon-list-icon\">\n\t\t\t\t\t\t\t<i aria-hidden=\"true\" class=\"fas fa-chevron-right\"><\/i>\t\t\t\t\t\t<\/span>\n\t\t\t\t\t\t\t\t\t\t<span class=\"elementor-icon-list-text\">Wir kombinierten diese Informationen und speicherten sie in einer PostGIS-Datenbank (mit FME).  <\/span>\n\t\t\t\t\t\t\t\t\t<\/li>\n\t\t\t\t\t\t\t\t<li class=\"elementor-icon-list-item\">\n\t\t\t\t\t\t\t\t\t\t\t<span class=\"elementor-icon-list-icon\">\n\t\t\t\t\t\t\t<i aria-hidden=\"true\" class=\"fas fa-chevron-right\"><\/i>\t\t\t\t\t\t<\/span>\n\t\t\t\t\t\t\t\t\t\t<span class=\"elementor-icon-list-text\">Wir haben eine Legende f\u00fcr unsere gesammelten Daten entwickelt (in MAPublisher).<\/span>\n\t\t\t\t\t\t\t\t\t<\/li>\n\t\t\t\t\t\t<\/ul>\n\t\t\t\t\t\t<\/div>\n\t\t\t\t<\/div>\n\t\t\t\t<div class=\"elementor-element elementor-element-93411be elementor-widget elementor-widget-text-editor\" data-id=\"93411be\" data-element_type=\"widget\" data-e-type=\"widget\" data-settings=\"{&quot;ekit_we_effect_on&quot;:&quot;none&quot;}\" data-widget_type=\"text-editor.default\">\n\t\t\t\t<div class=\"elementor-widget-container\">\n\t\t\t\t\t\t\t\t\t<\/p>\n<p>Das Ergebnis? Eine einheitliche Karte von Luxemburg mit einem Puffer von 5 Kilometern. Eines der f\u00fcnf Fremdenverkehrsb\u00fcros fragt nach einem Kartenausschnitt? Dann stellen wir die gew\u00fcnschten Wander- und Fahrradkarten zur Verf\u00fcgung. Auch f\u00fcr die Informationstafeln am Stra\u00dfenrand ben\u00f6tigen sie unser grundlegendes Kartenwissen.<\/p>\n\t\t\t\t\t\t\t\t<\/div>\n\t\t\t\t<\/div>\n\t\t\t\t\t<\/div>\n\t\t<\/div>\n\t\t\t\t<div class=\"elementor-column elementor-col-50 elementor-top-column elementor-element elementor-element-7d4302e\" data-id=\"7d4302e\" data-element_type=\"column\" data-e-type=\"column\" data-settings=\"{&quot;background_background&quot;:&quot;classic&quot;}\">\n\t\t\t<div class=\"elementor-widget-wrap elementor-element-populated\">\n\t\t\t\t\t\t<div class=\"elementor-element elementor-element-0e0b299 elementor-widget elementor-widget-spacer\" data-id=\"0e0b299\" data-element_type=\"widget\" data-e-type=\"widget\" data-settings=\"{&quot;ekit_we_effect_on&quot;:&quot;none&quot;}\" data-widget_type=\"spacer.default\">\n\t\t\t\t<div class=\"elementor-widget-container\">\n\t\t\t\t\t\t\t<div class=\"elementor-spacer\">\n\t\t\t<div class=\"elementor-spacer-inner\"><\/div>\n\t\t<\/div>\n\t\t\t\t\t\t<\/div>\n\t\t\t\t<\/div>\n\t\t\t\t\t<\/div>\n\t\t<\/div>\n\t\t\t\t\t<\/div>\n\t\t<\/section>\n\t\t\t\t<section class=\"elementor-section elementor-top-section elementor-element elementor-element-d6ad7bb elementor-section-boxed elementor-section-height-default elementor-section-height-default\" data-id=\"d6ad7bb\" data-element_type=\"section\" data-e-type=\"section\" data-settings=\"{&quot;ekit_has_onepagescroll_dot&quot;:&quot;yes&quot;}\">\n\t\t\t\t\t\t<div class=\"elementor-container elementor-column-gap-default\">\n\t\t\t\t\t<div class=\"elementor-column elementor-col-100 elementor-top-column elementor-element elementor-element-acae9a2\" data-id=\"acae9a2\" data-element_type=\"column\" data-e-type=\"column\">\n\t\t\t<div class=\"elementor-widget-wrap elementor-element-populated\">\n\t\t\t\t\t\t<div class=\"elementor-element elementor-element-445f907 elementor--h-position-center elementor--v-position-middle elementor-arrows-position-inside elementor-pagination-position-inside elementor-widget elementor-widget-slides\" data-id=\"445f907\" data-element_type=\"widget\" data-e-type=\"widget\" data-settings=\"{&quot;navigation&quot;:&quot;both&quot;,&quot;autoplay&quot;:&quot;yes&quot;,&quot;pause_on_hover&quot;:&quot;yes&quot;,&quot;pause_on_interaction&quot;:&quot;yes&quot;,&quot;autoplay_speed&quot;:5000,&quot;infinite&quot;:&quot;yes&quot;,&quot;transition&quot;:&quot;slide&quot;,&quot;transition_speed&quot;:500,&quot;ekit_we_effect_on&quot;:&quot;none&quot;}\" data-widget_type=\"slides.default\">\n\t\t\t\t<div class=\"elementor-widget-container\">\n\t\t\t\t\t\t\t\t\t<div class=\"elementor-swiper\">\n\t\t\t\t\t<div class=\"elementor-slides-wrapper elementor-main-swiper swiper\" role=\"region\" aria-roledescription=\"carousel\" aria-label=\"Slider\" dir=\"ltr\" data-animation=\"fadeInUp\">\n\t\t\t\t<div class=\"swiper-wrapper elementor-slides\">\n\t\t\t\t\t\t\t\t\t\t<div class=\"elementor-repeater-item-9f9ade1 swiper-slide\" role=\"group\" aria-roledescription=\"slide\"><div class=\"swiper-slide-bg elementor-ken-burns elementor-ken-burns--in\" role=\"img\" aria-label=\"IMKL and INSPIRE\"><\/div><a class=\"swiper-slide-inner\" href=\"https:\/\/nordend.eu\/de\/imkl-lesen-und-konvertieren\/\"><div class=\"swiper-slide-contents\"><div class=\"elementor-slide-heading\">IMKL Read and Convert<\/div><div  class=\"elementor-button elementor-slide-button elementor-size-sm\">Mehr Informationen<\/div><\/div><\/a><\/div><div class=\"elementor-repeater-item-34e99c8 swiper-slide\" role=\"group\" aria-roledescription=\"slide\"><div class=\"swiper-slide-bg\" role=\"img\" aria-label=\"Manage data\"><\/div><a class=\"swiper-slide-inner\" href=\"https:\/\/nordend.eu\/de\/wander-und-fahrradkarten\/\"><div class=\"swiper-slide-contents\"><div class=\"elementor-slide-heading\">Wander- und Fahrradkarten<\/div><div  class=\"elementor-button elementor-slide-button elementor-size-sm\">Mehr Informationen<\/div><\/div><\/a><\/div><div class=\"elementor-repeater-item-b9d9522 swiper-slide\" role=\"group\" aria-roledescription=\"slide\"><div class=\"swiper-slide-bg\" role=\"img\" aria-label=\"Geographic data engineer\"><\/div><a class=\"swiper-slide-inner\" href=\"https:\/\/nordend.eu\/de\/fme-server-dashboard\/\"><div class=\"swiper-slide-contents\"><div class=\"elementor-slide-heading\">FME Server Dashboard<\/div><div  class=\"elementor-button elementor-slide-button elementor-size-sm\">Mehr Informationen<\/div><\/div><\/a><\/div>\t\t\t\t<\/div>\n\t\t\t\t\t\t\t\t\t\t\t\t\t\t\t<div class=\"elementor-swiper-button elementor-swiper-button-prev\" role=\"button\" tabindex=\"0\" aria-label=\"Vorheriger Slide\">\n\t\t\t\t\t\t\t<i aria-hidden=\"true\" class=\"eicon-chevron-left\"><\/i>\t\t\t\t\t\t<\/div>\n\t\t\t\t\t\t<div class=\"elementor-swiper-button elementor-swiper-button-next\" role=\"button\" tabindex=\"0\" aria-label=\"N\u00e4chster Slide\">\n\t\t\t\t\t\t\t<i aria-hidden=\"true\" class=\"eicon-chevron-right\"><\/i>\t\t\t\t\t\t<\/div>\n\t\t\t\t\t\t\t\t\t\t\t\t\t\t\t\t<div class=\"swiper-pagination\"><\/div>\n\t\t\t\t\t\t\t\t\t\t\t\t<\/div>\n\t\t\t\t<\/div>\n\t\t\t\t\t\t\t\t<\/div>\n\t\t\t\t<\/div>\n\t\t\t\t\t<\/div>\n\t\t<\/div>\n\t\t\t\t\t<\/div>\n\t\t<\/section>\n\t\t\t\t<\/div>\n\t\t","protected":false},"excerpt":{"rendered":"<p>Projekte Wander- und Fahrradkarten Kartenkenntnisse Einheitliche Karte von Luxemburg Nordend und Red Geographics haben gemeinsam im Auftrag des Wirtschaftsministeriums (Generaldirektion f\u00fcr Tourismus) eine Basiskarte f\u00fcr das Gro\u00dfherzogtum Luxemburg erstellt. Unser Ansatz? Wir haben eine Basiskarte mit Daten aus dem Grundbuch, OpenStreetMap und anderen Quellen erstellt. Wir kombinierten diese Informationen und speicherten sie in einer PostGIS-Datenbank [&hellip;]<\/p>\n","protected":false},"author":1,"featured_media":0,"parent":0,"menu_order":0,"comment_status":"closed","ping_status":"closed","template":"elementor_theme","meta":{"footnotes":""},"class_list":["post-3586","page","type-page","status-publish","hentry"],"yoast_head":"<!-- This site is optimized with the Yoast SEO plugin v27.4 - https:\/\/yoast.com\/product\/yoast-seo-wordpress\/ -->\n<title>Wander- und Fahrradkarten - Nordend<\/title>\n<meta name=\"robots\" content=\"index, follow, max-snippet:-1, max-image-preview:large, max-video-preview:-1\" \/>\n<link rel=\"canonical\" href=\"https:\/\/nordend.eu\/de\/wander-und-fahrradkarten\/\" \/>\n<meta property=\"og:locale\" content=\"de_DE\" \/>\n<meta property=\"og:type\" content=\"article\" \/>\n<meta property=\"og:title\" content=\"Wander- und Fahrradkarten - Nordend\" \/>\n<meta property=\"og:description\" content=\"Projekte Wander- und Fahrradkarten Kartenkenntnisse Einheitliche Karte von Luxemburg Nordend und Red Geographics haben gemeinsam im Auftrag des Wirtschaftsministeriums (Generaldirektion f\u00fcr Tourismus) eine Basiskarte f\u00fcr das Gro\u00dfherzogtum Luxemburg erstellt. Unser Ansatz? Wir haben eine Basiskarte mit Daten aus dem Grundbuch, OpenStreetMap und anderen Quellen erstellt. Wir kombinierten diese Informationen und speicherten sie in einer PostGIS-Datenbank [&hellip;]\" \/>\n<meta property=\"og:url\" content=\"https:\/\/nordend.eu\/de\/wander-und-fahrradkarten\/\" \/>\n<meta property=\"og:site_name\" content=\"Nordend\" \/>\n<meta property=\"article:modified_time\" content=\"2024-02-01T06:23:59+00:00\" \/>\n<meta property=\"og:image\" content=\"https:\/\/nordend.eu\/wp-content\/uploads\/2023\/06\/logo-header.png\" \/>\n\t<meta property=\"og:image:width\" content=\"850\" \/>\n\t<meta property=\"og:image:height\" content=\"810\" \/>\n\t<meta property=\"og:image:type\" content=\"image\/png\" \/>\n<meta name=\"twitter:card\" content=\"summary_large_image\" \/>\n<meta name=\"twitter:label1\" content=\"Gesch\u00e4tzte Lesezeit\" \/>\n\t<meta name=\"twitter:data1\" content=\"1\u00a0Minute\" \/>\n<script type=\"application\/ld+json\" class=\"yoast-schema-graph\">{\"@context\":\"https:\\\/\\\/schema.org\",\"@graph\":[{\"@type\":\"WebPage\",\"@id\":\"https:\\\/\\\/nordend.eu\\\/de\\\/wander-und-fahrradkarten\\\/\",\"url\":\"https:\\\/\\\/nordend.eu\\\/de\\\/wander-und-fahrradkarten\\\/\",\"name\":\"Wander- und Fahrradkarten - Nordend\",\"isPartOf\":{\"@id\":\"https:\\\/\\\/nordend.eu\\\/de\\\/#website\"},\"datePublished\":\"2023-06-27T09:38:04+00:00\",\"dateModified\":\"2024-02-01T06:23:59+00:00\",\"breadcrumb\":{\"@id\":\"https:\\\/\\\/nordend.eu\\\/de\\\/wander-und-fahrradkarten\\\/#breadcrumb\"},\"inLanguage\":\"de\",\"potentialAction\":[{\"@type\":\"ReadAction\",\"target\":[\"https:\\\/\\\/nordend.eu\\\/de\\\/wander-und-fahrradkarten\\\/\"]}]},{\"@type\":\"BreadcrumbList\",\"@id\":\"https:\\\/\\\/nordend.eu\\\/de\\\/wander-und-fahrradkarten\\\/#breadcrumb\",\"itemListElement\":[{\"@type\":\"ListItem\",\"position\":1,\"name\":\"Home\",\"item\":\"https:\\\/\\\/nordend.eu\\\/de\\\/\"},{\"@type\":\"ListItem\",\"position\":2,\"name\":\"Wander- und Fahrradkarten\"}]},{\"@type\":\"WebSite\",\"@id\":\"https:\\\/\\\/nordend.eu\\\/de\\\/#website\",\"url\":\"https:\\\/\\\/nordend.eu\\\/de\\\/\",\"name\":\"Nordend\",\"description\":\"Software is the means to an end\",\"publisher\":{\"@id\":\"https:\\\/\\\/nordend.eu\\\/de\\\/#organization\"},\"potentialAction\":[{\"@type\":\"SearchAction\",\"target\":{\"@type\":\"EntryPoint\",\"urlTemplate\":\"https:\\\/\\\/nordend.eu\\\/de\\\/?s={search_term_string}\"},\"query-input\":{\"@type\":\"PropertyValueSpecification\",\"valueRequired\":true,\"valueName\":\"search_term_string\"}}],\"inLanguage\":\"de\"},{\"@type\":\"Organization\",\"@id\":\"https:\\\/\\\/nordend.eu\\\/de\\\/#organization\",\"name\":\"Nordend\",\"url\":\"https:\\\/\\\/nordend.eu\\\/de\\\/\",\"logo\":{\"@type\":\"ImageObject\",\"inLanguage\":\"de\",\"@id\":\"https:\\\/\\\/nordend.eu\\\/de\\\/#\\\/schema\\\/logo\\\/image\\\/\",\"url\":\"https:\\\/\\\/nordend.eu\\\/wp-content\\\/uploads\\\/2026\\\/03\\\/logo-header-26.png\",\"contentUrl\":\"https:\\\/\\\/nordend.eu\\\/wp-content\\\/uploads\\\/2026\\\/03\\\/logo-header-26.png\",\"width\":850,\"height\":810,\"caption\":\"Nordend\"},\"image\":{\"@id\":\"https:\\\/\\\/nordend.eu\\\/de\\\/#\\\/schema\\\/logo\\\/image\\\/\"},\"sameAs\":[\"https:\\\/\\\/www.linkedin.com\\\/company\\\/37897769\\\/\"]}]}<\/script>\n<!-- \/ Yoast SEO plugin. -->","yoast_head_json":{"title":"Wander- und Fahrradkarten - Nordend","robots":{"index":"index","follow":"follow","max-snippet":"max-snippet:-1","max-image-preview":"max-image-preview:large","max-video-preview":"max-video-preview:-1"},"canonical":"https:\/\/nordend.eu\/de\/wander-und-fahrradkarten\/","og_locale":"de_DE","og_type":"article","og_title":"Wander- und Fahrradkarten - Nordend","og_description":"Projekte Wander- und Fahrradkarten Kartenkenntnisse Einheitliche Karte von Luxemburg Nordend und Red Geographics haben gemeinsam im Auftrag des Wirtschaftsministeriums (Generaldirektion f\u00fcr Tourismus) eine Basiskarte f\u00fcr das Gro\u00dfherzogtum Luxemburg erstellt. Unser Ansatz? Wir haben eine Basiskarte mit Daten aus dem Grundbuch, OpenStreetMap und anderen Quellen erstellt. Wir kombinierten diese Informationen und speicherten sie in einer PostGIS-Datenbank [&hellip;]","og_url":"https:\/\/nordend.eu\/de\/wander-und-fahrradkarten\/","og_site_name":"Nordend","article_modified_time":"2024-02-01T06:23:59+00:00","og_image":[{"width":850,"height":810,"url":"https:\/\/nordend.eu\/wp-content\/uploads\/2023\/06\/logo-header.png","type":"image\/png"}],"twitter_card":"summary_large_image","twitter_misc":{"Gesch\u00e4tzte Lesezeit":"1\u00a0Minute"},"schema":{"@context":"https:\/\/schema.org","@graph":[{"@type":"WebPage","@id":"https:\/\/nordend.eu\/de\/wander-und-fahrradkarten\/","url":"https:\/\/nordend.eu\/de\/wander-und-fahrradkarten\/","name":"Wander- und Fahrradkarten - Nordend","isPartOf":{"@id":"https:\/\/nordend.eu\/de\/#website"},"datePublished":"2023-06-27T09:38:04+00:00","dateModified":"2024-02-01T06:23:59+00:00","breadcrumb":{"@id":"https:\/\/nordend.eu\/de\/wander-und-fahrradkarten\/#breadcrumb"},"inLanguage":"de","potentialAction":[{"@type":"ReadAction","target":["https:\/\/nordend.eu\/de\/wander-und-fahrradkarten\/"]}]},{"@type":"BreadcrumbList","@id":"https:\/\/nordend.eu\/de\/wander-und-fahrradkarten\/#breadcrumb","itemListElement":[{"@type":"ListItem","position":1,"name":"Home","item":"https:\/\/nordend.eu\/de\/"},{"@type":"ListItem","position":2,"name":"Wander- und Fahrradkarten"}]},{"@type":"WebSite","@id":"https:\/\/nordend.eu\/de\/#website","url":"https:\/\/nordend.eu\/de\/","name":"Nordend","description":"Software is the means to an end","publisher":{"@id":"https:\/\/nordend.eu\/de\/#organization"},"potentialAction":[{"@type":"SearchAction","target":{"@type":"EntryPoint","urlTemplate":"https:\/\/nordend.eu\/de\/?s={search_term_string}"},"query-input":{"@type":"PropertyValueSpecification","valueRequired":true,"valueName":"search_term_string"}}],"inLanguage":"de"},{"@type":"Organization","@id":"https:\/\/nordend.eu\/de\/#organization","name":"Nordend","url":"https:\/\/nordend.eu\/de\/","logo":{"@type":"ImageObject","inLanguage":"de","@id":"https:\/\/nordend.eu\/de\/#\/schema\/logo\/image\/","url":"https:\/\/nordend.eu\/wp-content\/uploads\/2026\/03\/logo-header-26.png","contentUrl":"https:\/\/nordend.eu\/wp-content\/uploads\/2026\/03\/logo-header-26.png","width":850,"height":810,"caption":"Nordend"},"image":{"@id":"https:\/\/nordend.eu\/de\/#\/schema\/logo\/image\/"},"sameAs":["https:\/\/www.linkedin.com\/company\/37897769\/"]}]}},"_links":{"self":[{"href":"https:\/\/nordend.eu\/de\/wp-json\/wp\/v2\/pages\/3586","targetHints":{"allow":["GET"]}}],"collection":[{"href":"https:\/\/nordend.eu\/de\/wp-json\/wp\/v2\/pages"}],"about":[{"href":"https:\/\/nordend.eu\/de\/wp-json\/wp\/v2\/types\/page"}],"author":[{"embeddable":true,"href":"https:\/\/nordend.eu\/de\/wp-json\/wp\/v2\/users\/1"}],"replies":[{"embeddable":true,"href":"https:\/\/nordend.eu\/de\/wp-json\/wp\/v2\/comments?post=3586"}],"version-history":[{"count":3,"href":"https:\/\/nordend.eu\/de\/wp-json\/wp\/v2\/pages\/3586\/revisions"}],"predecessor-version":[{"id":3589,"href":"https:\/\/nordend.eu\/de\/wp-json\/wp\/v2\/pages\/3586\/revisions\/3589"}],"wp:attachment":[{"href":"https:\/\/nordend.eu\/de\/wp-json\/wp\/v2\/media?parent=3586"}],"curies":[{"name":"wp","href":"https:\/\/api.w.org\/{rel}","templated":true}]}}