{"id":3600,"date":"2023-06-20T13:47:20","date_gmt":"2023-06-20T11:47:20","guid":{"rendered":"https:\/\/nordend.eu\/otl\/"},"modified":"2024-03-04T07:41:55","modified_gmt":"2024-03-04T06:41:55","slug":"otl","status":"publish","type":"page","link":"https:\/\/nordend.eu\/de\/otl\/","title":{"rendered":"OTL"},"content":{"rendered":"\t\t<div data-elementor-type=\"wp-page\" data-elementor-id=\"3600\" class=\"elementor elementor-3600 elementor-176\" data-elementor-post-type=\"page\">\n\t\t\t\t\t\t<section class=\"elementor-section elementor-top-section elementor-element elementor-element-52330148 elementor-section-height-min-height elementor-section-boxed elementor-section-height-default elementor-section-items-middle\" data-id=\"52330148\" data-element_type=\"section\" data-e-type=\"section\" data-settings=\"{&quot;background_background&quot;:&quot;classic&quot;,&quot;ekit_has_onepagescroll_dot&quot;:&quot;yes&quot;}\">\n\t\t\t\t\t\t\t<div class=\"elementor-background-overlay\"><\/div>\n\t\t\t\t\t\t\t<div class=\"elementor-container elementor-column-gap-default\">\n\t\t\t\t\t<div class=\"elementor-column elementor-col-100 elementor-top-column elementor-element elementor-element-8fa95b4\" data-id=\"8fa95b4\" data-element_type=\"column\" data-e-type=\"column\">\n\t\t\t<div class=\"elementor-widget-wrap elementor-element-populated\">\n\t\t\t\t\t\t<div class=\"elementor-element elementor-element-a134894 elementor-widget elementor-widget-heading\" data-id=\"a134894\" data-element_type=\"widget\" data-e-type=\"widget\" data-settings=\"{&quot;ekit_we_effect_on&quot;:&quot;none&quot;}\" data-widget_type=\"heading.default\">\n\t\t\t\t<div class=\"elementor-widget-container\">\n\t\t\t\t\t<span class=\"elementor-heading-title elementor-size-default\">Objekttyp Bibliothek<\/span>\t\t\t\t<\/div>\n\t\t\t\t<\/div>\n\t\t\t\t<div class=\"elementor-element elementor-element-cbf3e4a elementor-widget-divider--view-line elementor-widget elementor-widget-divider\" data-id=\"cbf3e4a\" data-element_type=\"widget\" data-e-type=\"widget\" data-settings=\"{&quot;ekit_we_effect_on&quot;:&quot;none&quot;}\" data-widget_type=\"divider.default\">\n\t\t\t\t<div class=\"elementor-widget-container\">\n\t\t\t\t\t\t\t<div class=\"elementor-divider\">\n\t\t\t<span class=\"elementor-divider-separator\">\n\t\t\t\t\t\t<\/span>\n\t\t<\/div>\n\t\t\t\t\t\t<\/div>\n\t\t\t\t<\/div>\n\t\t\t\t<div class=\"elementor-element elementor-element-49b1c44d elementor-widget elementor-widget-heading\" data-id=\"49b1c44d\" data-element_type=\"widget\" data-e-type=\"widget\" data-settings=\"{&quot;ekit_we_effect_on&quot;:&quot;none&quot;}\" data-widget_type=\"heading.default\">\n\t\t\t\t<div class=\"elementor-widget-container\">\n\t\t\t\t\t<h1 class=\"elementor-heading-title elementor-size-default\">OTL<\/h1>\t\t\t\t<\/div>\n\t\t\t\t<\/div>\n\t\t\t\t\t<\/div>\n\t\t<\/div>\n\t\t\t\t\t<\/div>\n\t\t<\/section>\n\t\t\t\t<section class=\"elementor-section elementor-top-section elementor-element elementor-element-19c02102 elementor-section-boxed elementor-section-height-default elementor-section-height-default\" data-id=\"19c02102\" data-element_type=\"section\" data-e-type=\"section\" data-settings=\"{&quot;ekit_has_onepagescroll_dot&quot;:&quot;yes&quot;}\">\n\t\t\t\t\t\t<div class=\"elementor-container elementor-column-gap-default\">\n\t\t\t\t\t<div class=\"elementor-column elementor-col-100 elementor-top-column elementor-element elementor-element-7fe85cf6\" data-id=\"7fe85cf6\" data-element_type=\"column\" data-e-type=\"column\">\n\t\t\t<div class=\"elementor-widget-wrap elementor-element-populated\">\n\t\t\t\t\t\t<div class=\"elementor-element elementor-element-45143db elementor-widget elementor-widget-heading\" data-id=\"45143db\" data-element_type=\"widget\" data-e-type=\"widget\" data-settings=\"{&quot;ekit_we_effect_on&quot;:&quot;none&quot;}\" data-widget_type=\"heading.default\">\n\t\t\t\t<div class=\"elementor-widget-container\">\n\t\t\t\t\t<span class=\"elementor-heading-title elementor-size-default\">Sammlung von Objekttypen<\/span>\t\t\t\t<\/div>\n\t\t\t\t<\/div>\n\t\t\t\t<div class=\"elementor-element elementor-element-926eeca elementor-widget__width-auto elementor-widget elementor-widget-heading\" data-id=\"926eeca\" data-element_type=\"widget\" data-e-type=\"widget\" data-settings=\"{&quot;ekit_we_effect_on&quot;:&quot;none&quot;}\" data-widget_type=\"heading.default\">\n\t\t\t\t<div class=\"elementor-widget-container\">\n\t\t\t\t\t<h2 class=\"elementor-heading-title elementor-size-default\">Was ist eine OTL?<\/h2>\t\t\t\t<\/div>\n\t\t\t\t<\/div>\n\t\t\t\t<div class=\"elementor-element elementor-element-2920e274 elementor-widget elementor-widget-text-editor\" data-id=\"2920e274\" data-element_type=\"widget\" data-e-type=\"widget\" data-settings=\"{&quot;ekit_we_effect_on&quot;:&quot;none&quot;}\" data-widget_type=\"text-editor.default\">\n\t\t\t\t<div class=\"elementor-widget-container\">\n\t\t\t\t\t\t\t\t\t<p>Eine Object Type Library (OTL) ist eine Sammlung von Asset-Typen, die in verschiedenen Anwendungen f\u00fcr ein <strong>einheitliches Verst\u00e4ndnis und eine einheitliche Nutzung von Daten<\/strong> verwendet werden k\u00f6nnen. Objekttypen <strong>stellen reale Entit\u00e4ten in einer standardisierten Weise dar<\/strong>, die Systeme und Anwendungen verstehen k\u00f6nnen.<\/p>\n<p>Sie k\u00f6nnen von <strong>einfachen Datentypen<\/strong> wie Ganzzahlen und Zeichenketten bis hin zu <strong>komplexeren Typen<\/strong> wie Kunden, Produkten oder geografischen oder r\u00e4umlichen Einheiten reichen.<\/p>\n<p>Geografische oder raumbezogene Daten <strong>sind Informationen \u00fcber physische Objekte, die im Raum existieren<\/strong>. Das kann alles m\u00f6gliche sein, vom Standort eines Geb\u00e4udes \u00fcber die Grenzen einer Stadt bis hin zu den genauen Koordinaten eines Waldbrandes. Jedes dieser Beispiele kann als Objekttyp in einer OTL dargestellt werden.<\/p>\n\t\t\t\t\t\t\t\t<\/div>\n\t\t\t\t<\/div>\n\t\t\t\t\t<\/div>\n\t\t<\/div>\n\t\t\t\t\t<\/div>\n\t\t<\/section>\n\t\t\t\t<section class=\"elementor-section elementor-top-section elementor-element elementor-element-bd68327 elementor-reverse-tablet elementor-reverse-mobile elementor-section-boxed elementor-section-height-default elementor-section-height-default\" data-id=\"bd68327\" data-element_type=\"section\" data-e-type=\"section\" data-settings=\"{&quot;ekit_has_onepagescroll_dot&quot;:&quot;yes&quot;}\">\n\t\t\t\t\t\t<div class=\"elementor-container elementor-column-gap-default\">\n\t\t\t\t\t<div class=\"elementor-column elementor-col-50 elementor-top-column elementor-element elementor-element-e72dfe6\" data-id=\"e72dfe6\" data-element_type=\"column\" data-e-type=\"column\" data-settings=\"{&quot;background_background&quot;:&quot;classic&quot;}\">\n\t\t\t<div class=\"elementor-widget-wrap elementor-element-populated\">\n\t\t\t\t\t\t<div class=\"elementor-element elementor-element-7aae7f7 elementor-widget elementor-widget-heading\" data-id=\"7aae7f7\" data-element_type=\"widget\" data-e-type=\"widget\" data-settings=\"{&quot;ekit_we_effect_on&quot;:&quot;none&quot;}\" data-widget_type=\"heading.default\">\n\t\t\t\t<div class=\"elementor-widget-container\">\n\t\t\t\t\t<span class=\"elementor-heading-title elementor-size-default\">Geografische oder raumbezogene Daten<\/span>\t\t\t\t<\/div>\n\t\t\t\t<\/div>\n\t\t\t\t<div class=\"elementor-element elementor-element-36de32d elementor-widget__width-auto elementor-widget elementor-widget-heading\" data-id=\"36de32d\" data-element_type=\"widget\" data-e-type=\"widget\" data-settings=\"{&quot;ekit_we_effect_on&quot;:&quot;none&quot;}\" data-widget_type=\"heading.default\">\n\t\t\t\t<div class=\"elementor-widget-container\">\n\t\t\t\t\t<h2 class=\"elementor-heading-title elementor-size-default\">OTLs und Geodaten<\/h2>\t\t\t\t<\/div>\n\t\t\t\t<\/div>\n\t\t\t\t<div class=\"elementor-element elementor-element-2cf3e44 elementor-widget elementor-widget-text-editor\" data-id=\"2cf3e44\" data-element_type=\"widget\" data-e-type=\"widget\" data-settings=\"{&quot;ekit_we_effect_on&quot;:&quot;none&quot;}\" data-widget_type=\"text-editor.default\">\n\t\t\t\t<div class=\"elementor-widget-container\">\n\t\t\t\t\t\t\t\t\t<p>Im Zusammenhang mit geografischen oder raumbezogenen Daten kann eine OTL Objekttypen wie \u201ePoint\u201c, \u201ePolygon\u201c, \u201eLineString\u201c und \u201eMultiPolygon\u201c enthalten. Jeder dieser Objekttypen hat <strong>Eigenschaften, die f\u00fcr seine Funktion relevant sind<\/strong>. Ein &#8222;\u201ePoint\u201cPunkt&#8220; kann beispielsweise die Eigenschaften \u201e&#8220;L\u00e4ngengrad\u201c&#8220; und \u201e&#8220;Breitengrad\u201c&#8220; haben, w\u00e4hrend ein \u201e&#8220;Polygon\u201c&#8220; eine Eigenschaft \u201e&#8220;Eckpunkte\u201c&#8220; haben kann, die die Koordinaten jeder Ecke des Polygons auflistet.<\/p>\n<p>Hier kommt die Bedeutung der OTLs ins Spiel: Jeder Objekttyp in der OTL bietet eine <strong>Standardvorlage f\u00fcr die Speicherung, Bearbeitung und Analyse von geografischen Daten<\/strong>. Dadurch wird sichergestellt, dass die Daten in den verschiedenen Systemen und Anwendungen einheitlich und genau behandelt werden.<\/p>\n<p>So k\u00f6nnen beispielsweise Kartierungssoftware, Stadtplanungstools oder Katastrophenschutzsysteme die Daten auf die gleiche Weise interpretieren und verwenden.  Dadurch <strong>wird jede M\u00f6glichkeit der Mehrdeutigkeit oder Fehlinterpretation ausgeschlossen<\/strong>, die aufgrund von Unterschieden in der Datenverarbeitung auftreten k\u00f6nnte.<\/p>\n\t\t\t\t\t\t\t\t<\/div>\n\t\t\t\t<\/div>\n\t\t\t\t\t<\/div>\n\t\t<\/div>\n\t\t\t\t<div class=\"elementor-column elementor-col-50 elementor-top-column elementor-element elementor-element-8283f1f\" data-id=\"8283f1f\" data-element_type=\"column\" data-e-type=\"column\" data-settings=\"{&quot;background_background&quot;:&quot;classic&quot;}\">\n\t\t\t<div class=\"elementor-widget-wrap elementor-element-populated\">\n\t\t\t\t\t\t<div class=\"elementor-element elementor-element-947bbfa elementor-widget elementor-widget-spacer\" data-id=\"947bbfa\" data-element_type=\"widget\" data-e-type=\"widget\" data-settings=\"{&quot;ekit_we_effect_on&quot;:&quot;none&quot;}\" data-widget_type=\"spacer.default\">\n\t\t\t\t<div class=\"elementor-widget-container\">\n\t\t\t\t\t\t\t<div class=\"elementor-spacer\">\n\t\t\t<div class=\"elementor-spacer-inner\"><\/div>\n\t\t<\/div>\n\t\t\t\t\t\t<\/div>\n\t\t\t\t<\/div>\n\t\t\t\t\t<\/div>\n\t\t<\/div>\n\t\t\t\t\t<\/div>\n\t\t<\/section>\n\t\t\t\t<section class=\"elementor-section elementor-top-section elementor-element elementor-element-1152207 elementor-section-full_width elementor-section-height-default elementor-section-height-default\" data-id=\"1152207\" data-element_type=\"section\" data-e-type=\"section\" data-settings=\"{&quot;background_background&quot;:&quot;classic&quot;,&quot;ekit_has_onepagescroll_dot&quot;:&quot;yes&quot;}\">\n\t\t\t\t\t\t\t<div class=\"elementor-background-overlay\"><\/div>\n\t\t\t\t\t\t\t<div class=\"elementor-container elementor-column-gap-default\">\n\t\t\t\t\t<div class=\"elementor-column elementor-col-50 elementor-top-column elementor-element elementor-element-c32c4cb\" data-id=\"c32c4cb\" data-element_type=\"column\" data-e-type=\"column\" data-settings=\"{&quot;background_background&quot;:&quot;classic&quot;}\">\n\t\t\t<div class=\"elementor-widget-wrap elementor-element-populated\">\n\t\t\t\t\t\t<div class=\"elementor-element elementor-element-1a5aa79 elementor-widget elementor-widget-spacer\" data-id=\"1a5aa79\" data-element_type=\"widget\" data-e-type=\"widget\" data-settings=\"{&quot;ekit_we_effect_on&quot;:&quot;none&quot;}\" data-widget_type=\"spacer.default\">\n\t\t\t\t<div class=\"elementor-widget-container\">\n\t\t\t\t\t\t\t<div class=\"elementor-spacer\">\n\t\t\t<div class=\"elementor-spacer-inner\"><\/div>\n\t\t<\/div>\n\t\t\t\t\t\t<\/div>\n\t\t\t\t<\/div>\n\t\t\t\t\t<\/div>\n\t\t<\/div>\n\t\t\t\t<div class=\"elementor-column elementor-col-50 elementor-top-column elementor-element elementor-element-7e1a654\" data-id=\"7e1a654\" data-element_type=\"column\" data-e-type=\"column\">\n\t\t\t<div class=\"elementor-widget-wrap elementor-element-populated\">\n\t\t\t\t\t\t<div class=\"elementor-element elementor-element-2c0e849 elementor-widget elementor-widget-heading\" data-id=\"2c0e849\" data-element_type=\"widget\" data-e-type=\"widget\" data-settings=\"{&quot;ekit_we_effect_on&quot;:&quot;none&quot;}\" data-widget_type=\"heading.default\">\n\t\t\t\t<div class=\"elementor-widget-container\">\n\t\t\t\t\t<span class=\"elementor-heading-title elementor-size-default\">Geografisches Informationssystem<\/span>\t\t\t\t<\/div>\n\t\t\t\t<\/div>\n\t\t\t\t<div class=\"elementor-element elementor-element-c206b92 elementor-widget elementor-widget-heading\" data-id=\"c206b92\" data-element_type=\"widget\" data-e-type=\"widget\" data-settings=\"{&quot;ekit_we_effect_on&quot;:&quot;none&quot;}\" data-widget_type=\"heading.default\">\n\t\t\t\t<div class=\"elementor-widget-container\">\n\t\t\t\t\t<h2 class=\"elementor-heading-title elementor-size-default\">OTLs und GIS-Technologien<\/h2>\t\t\t\t<\/div>\n\t\t\t\t<\/div>\n\t\t\t\t<div class=\"elementor-element elementor-element-0e7a94e elementor-widget elementor-widget-text-editor\" data-id=\"0e7a94e\" data-element_type=\"widget\" data-e-type=\"widget\" data-settings=\"{&quot;ekit_we_effect_on&quot;:&quot;none&quot;}\" data-widget_type=\"text-editor.default\">\n\t\t\t\t<div class=\"elementor-widget-container\">\n\t\t\t\t\t\t\t\t\t<p>OTLs sind ein <strong>wichtiger Bestandteil der Technologien f\u00fcr geografische Informationssysteme (GIS)<\/strong>. GIS ist ein Rahmen f\u00fcr das Sammeln, Verwalten und Analysieren von Daten. GIS ist in der Geografie verwurzelt und integriert viele Arten von Daten.<\/p>\n<p>Es <strong>analysiert die r\u00e4umliche Lage und organisiert die Informationsschichten zu Visualisierungen<\/strong> mit Karten und 3D-Szenen. Mit einer OTL kann ein GIS eine <strong>koh\u00e4rente Methode zur Beschreibung und Bearbeitung von Geodaten<\/strong> bereitstellen, die es erm\u00f6glicht, ein breites Spektrum von Daten in einer geografisch koh\u00e4renten Weise zu integrieren und zu analysieren.<\/p>\n<p>OTLs und ihre Objekttypen spielen auch eine wichtige Rolle bei der <strong>Erleichterung der Dateninteroperabilit\u00e4t zwischen verschiedenen Systemen<\/strong>. Dies ist besonders wichtig in der Welt der Geodaten, wo Informationen oft zwischen verschiedenen Beh\u00f6rden, Organisationen und Softwareplattformen ausgetauscht werden m\u00fcssen.<\/p>\n<p>Durch die Standardisierung der Darstellung geografischer Daten stellen OTLs sicher, dass alle Beteiligten sozusagen &#8222;dieselbe Sprache sprechen&#8220;, was <strong>den Prozess des Datenaustauschs und der Zusammenarbeit erheblich vereinfacht<\/strong>.<\/p>\n\t\t\t\t\t\t\t\t<\/div>\n\t\t\t\t<\/div>\n\t\t\t\t\t<\/div>\n\t\t<\/div>\n\t\t\t\t\t<\/div>\n\t\t<\/section>\n\t\t\t\t<section data-ekitparallax=\"{&quot;ekit_section_parallax_bg&quot;:&quot;yes&quot;,&quot;ekit_section_parallax_bg_speed&quot;:0.5,&quot;elementor_lazy_load&quot;:&quot;1&quot;}\" class=\"elementor-section elementor-top-section elementor-element elementor-element-3e2353cc elementor-section-full_width elementor-section-height-default elementor-section-height-default\" data-id=\"3e2353cc\" data-element_type=\"section\" data-e-type=\"section\" data-settings=\"{&quot;background_background&quot;:&quot;classic&quot;,&quot;ekit_has_onepagescroll_dot&quot;:&quot;yes&quot;}\">\n\t\t\t\t\t\t\t<div class=\"elementor-background-overlay\"><\/div>\n\t\t\t\t\t\t\t<div class=\"elementor-container elementor-column-gap-default\">\n\t\t\t\t\t<div class=\"elementor-column elementor-col-100 elementor-top-column elementor-element elementor-element-17fdb967\" data-id=\"17fdb967\" data-element_type=\"column\" data-e-type=\"column\">\n\t\t\t<div class=\"elementor-widget-wrap elementor-element-populated\">\n\t\t\t\t\t\t<section class=\"elementor-section elementor-inner-section elementor-element elementor-element-3e49381d elementor-section-boxed elementor-section-height-default elementor-section-height-default\" data-id=\"3e49381d\" data-element_type=\"section\" data-e-type=\"section\" data-settings=\"{&quot;ekit_has_onepagescroll_dot&quot;:&quot;yes&quot;}\">\n\t\t\t\t\t\t<div class=\"elementor-container elementor-column-gap-default\">\n\t\t\t\t\t<div class=\"elementor-column elementor-col-100 elementor-inner-column elementor-element elementor-element-6b55089\" data-id=\"6b55089\" data-element_type=\"column\" data-e-type=\"column\">\n\t\t\t<div class=\"elementor-widget-wrap elementor-element-populated\">\n\t\t\t\t\t\t<div class=\"elementor-element elementor-element-68a6295 elementor-widget elementor-widget-heading\" data-id=\"68a6295\" data-element_type=\"widget\" data-e-type=\"widget\" data-settings=\"{&quot;ekit_we_effect_on&quot;:&quot;none&quot;}\" data-widget_type=\"heading.default\">\n\t\t\t\t<div class=\"elementor-widget-container\">\n\t\t\t\t\t<span class=\"elementor-heading-title elementor-size-default\">Konsistenz beibehalten<\/span>\t\t\t\t<\/div>\n\t\t\t\t<\/div>\n\t\t\t\t<div class=\"elementor-element elementor-element-1bb67818 elementor-widget elementor-widget-heading\" data-id=\"1bb67818\" data-element_type=\"widget\" data-e-type=\"widget\" data-settings=\"{&quot;ekit_we_effect_on&quot;:&quot;none&quot;}\" data-widget_type=\"heading.default\">\n\t\t\t\t<div class=\"elementor-widget-container\">\n\t\t\t\t\t<h2 class=\"elementor-heading-title elementor-size-default\">Zusammenfassung<\/h2>\t\t\t\t<\/div>\n\t\t\t\t<\/div>\n\t\t\t\t<div class=\"elementor-element elementor-element-517ec2c elementor-widget elementor-widget-text-editor\" data-id=\"517ec2c\" data-element_type=\"widget\" data-e-type=\"widget\" data-settings=\"{&quot;ekit_we_effect_on&quot;:&quot;none&quot;}\" data-widget_type=\"text-editor.default\">\n\t\t\t\t<div class=\"elementor-widget-container\">\n\t\t\t\t\t\t\t\t\t<p>Objekttypbibliotheken sind <strong>entscheidend f\u00fcr die Verwaltung, Interpretation und Interoperabilit\u00e4t von Geodaten<\/strong>. Ihr Vorhandensein tr\u00e4gt dazu bei, Konsistenz, Genauigkeit und Klarheit \u00fcber mehrere Anwendungen, Softwaresysteme und geografische Datens\u00e4tze hinweg zu gew\u00e4hrleisten. Sie dienen als <strong>standardisierte Sprache<\/strong>, in der alle Systeme miteinander kommunizieren und sich gegenseitig verstehen k\u00f6nnen, und f\u00f6rdern so die <strong>nahtlose Integration und Nutzung von Geodaten<\/strong>.<\/p>\n\t\t\t\t\t\t\t\t<\/div>\n\t\t\t\t<\/div>\n\t\t\t\t\t<\/div>\n\t\t<\/div>\n\t\t\t\t\t<\/div>\n\t\t<\/section>\n\t\t\t\t\t<\/div>\n\t\t<\/div>\n\t\t\t\t\t<\/div>\n\t\t<\/section>\n\t\t\t\t<\/div>\n\t\t","protected":false},"excerpt":{"rendered":"<p>Objekttyp Bibliothek OTL Sammlung von Objekttypen Was ist eine OTL? Eine Object Type Library (OTL) ist eine Sammlung von Asset-Typen, die in verschiedenen Anwendungen f\u00fcr ein einheitliches Verst\u00e4ndnis und eine einheitliche Nutzung von Daten verwendet werden k\u00f6nnen. Objekttypen stellen reale Entit\u00e4ten in einer standardisierten Weise dar, die Systeme und Anwendungen verstehen k\u00f6nnen. Sie k\u00f6nnen von [&hellip;]<\/p>\n","protected":false},"author":1,"featured_media":0,"parent":0,"menu_order":0,"comment_status":"closed","ping_status":"closed","template":"elementor_theme","meta":{"footnotes":""},"class_list":["post-3600","page","type-page","status-publish","hentry"],"yoast_head":"<!-- This site is optimized with the Yoast SEO plugin v27.4 - https:\/\/yoast.com\/product\/yoast-seo-wordpress\/ -->\n<title>OTL - Nordend<\/title>\n<meta name=\"description\" content=\"Eine Object Type Library (OTL) ist eine Sammlung von Asset-Typen, die in verschiedenen Anwendungen f\u00fcr ein einheitliches Verst\u00e4ndnis und eine einheitliche Nutzung von Daten.\" \/>\n<meta name=\"robots\" content=\"index, follow, max-snippet:-1, max-image-preview:large, max-video-preview:-1\" \/>\n<link rel=\"canonical\" href=\"https:\/\/nordend.eu\/de\/otl\/\" \/>\n<meta property=\"og:locale\" content=\"de_DE\" \/>\n<meta property=\"og:type\" content=\"article\" \/>\n<meta property=\"og:title\" content=\"OTL - Nordend\" \/>\n<meta property=\"og:description\" content=\"Eine Object Type Library (OTL) ist eine Sammlung von Asset-Typen, die in verschiedenen Anwendungen f\u00fcr ein einheitliches Verst\u00e4ndnis und eine einheitliche Nutzung von Daten.\" \/>\n<meta property=\"og:url\" content=\"https:\/\/nordend.eu\/de\/otl\/\" \/>\n<meta property=\"og:site_name\" content=\"Nordend\" \/>\n<meta property=\"article:modified_time\" content=\"2024-03-04T06:41:55+00:00\" \/>\n<meta property=\"og:image\" content=\"https:\/\/nordend.eu\/wp-content\/uploads\/2023\/06\/logo-header.png\" \/>\n\t<meta property=\"og:image:width\" content=\"850\" \/>\n\t<meta property=\"og:image:height\" content=\"810\" \/>\n\t<meta property=\"og:image:type\" content=\"image\/png\" \/>\n<meta name=\"twitter:card\" content=\"summary_large_image\" \/>\n<meta name=\"twitter:label1\" content=\"Gesch\u00e4tzte Lesezeit\" \/>\n\t<meta name=\"twitter:data1\" content=\"3\u00a0Minuten\" \/>\n<script type=\"application\/ld+json\" class=\"yoast-schema-graph\">{\"@context\":\"https:\\\/\\\/schema.org\",\"@graph\":[{\"@type\":\"WebPage\",\"@id\":\"https:\\\/\\\/nordend.eu\\\/de\\\/otl\\\/\",\"url\":\"https:\\\/\\\/nordend.eu\\\/de\\\/otl\\\/\",\"name\":\"OTL - Nordend\",\"isPartOf\":{\"@id\":\"https:\\\/\\\/nordend.eu\\\/de\\\/#website\"},\"datePublished\":\"2023-06-20T11:47:20+00:00\",\"dateModified\":\"2024-03-04T06:41:55+00:00\",\"description\":\"Eine Object Type Library (OTL) ist eine Sammlung von Asset-Typen, die in verschiedenen Anwendungen f\u00fcr ein einheitliches Verst\u00e4ndnis und eine einheitliche Nutzung von Daten.\",\"breadcrumb\":{\"@id\":\"https:\\\/\\\/nordend.eu\\\/de\\\/otl\\\/#breadcrumb\"},\"inLanguage\":\"de\",\"potentialAction\":[{\"@type\":\"ReadAction\",\"target\":[\"https:\\\/\\\/nordend.eu\\\/de\\\/otl\\\/\"]}]},{\"@type\":\"BreadcrumbList\",\"@id\":\"https:\\\/\\\/nordend.eu\\\/de\\\/otl\\\/#breadcrumb\",\"itemListElement\":[{\"@type\":\"ListItem\",\"position\":1,\"name\":\"Home\",\"item\":\"https:\\\/\\\/nordend.eu\\\/de\\\/\"},{\"@type\":\"ListItem\",\"position\":2,\"name\":\"OTL\"}]},{\"@type\":\"WebSite\",\"@id\":\"https:\\\/\\\/nordend.eu\\\/de\\\/#website\",\"url\":\"https:\\\/\\\/nordend.eu\\\/de\\\/\",\"name\":\"Nordend\",\"description\":\"Software is the means to an end\",\"publisher\":{\"@id\":\"https:\\\/\\\/nordend.eu\\\/de\\\/#organization\"},\"potentialAction\":[{\"@type\":\"SearchAction\",\"target\":{\"@type\":\"EntryPoint\",\"urlTemplate\":\"https:\\\/\\\/nordend.eu\\\/de\\\/?s={search_term_string}\"},\"query-input\":{\"@type\":\"PropertyValueSpecification\",\"valueRequired\":true,\"valueName\":\"search_term_string\"}}],\"inLanguage\":\"de\"},{\"@type\":\"Organization\",\"@id\":\"https:\\\/\\\/nordend.eu\\\/de\\\/#organization\",\"name\":\"Nordend\",\"url\":\"https:\\\/\\\/nordend.eu\\\/de\\\/\",\"logo\":{\"@type\":\"ImageObject\",\"inLanguage\":\"de\",\"@id\":\"https:\\\/\\\/nordend.eu\\\/de\\\/#\\\/schema\\\/logo\\\/image\\\/\",\"url\":\"https:\\\/\\\/nordend.eu\\\/wp-content\\\/uploads\\\/2026\\\/03\\\/logo-header-26.png\",\"contentUrl\":\"https:\\\/\\\/nordend.eu\\\/wp-content\\\/uploads\\\/2026\\\/03\\\/logo-header-26.png\",\"width\":850,\"height\":810,\"caption\":\"Nordend\"},\"image\":{\"@id\":\"https:\\\/\\\/nordend.eu\\\/de\\\/#\\\/schema\\\/logo\\\/image\\\/\"},\"sameAs\":[\"https:\\\/\\\/www.linkedin.com\\\/company\\\/37897769\\\/\"]}]}<\/script>\n<!-- \/ Yoast SEO plugin. -->","yoast_head_json":{"title":"OTL - Nordend","description":"Eine Object Type Library (OTL) ist eine Sammlung von Asset-Typen, die in verschiedenen Anwendungen f\u00fcr ein einheitliches Verst\u00e4ndnis und eine einheitliche Nutzung von Daten.","robots":{"index":"index","follow":"follow","max-snippet":"max-snippet:-1","max-image-preview":"max-image-preview:large","max-video-preview":"max-video-preview:-1"},"canonical":"https:\/\/nordend.eu\/de\/otl\/","og_locale":"de_DE","og_type":"article","og_title":"OTL - Nordend","og_description":"Eine Object Type Library (OTL) ist eine Sammlung von Asset-Typen, die in verschiedenen Anwendungen f\u00fcr ein einheitliches Verst\u00e4ndnis und eine einheitliche Nutzung von Daten.","og_url":"https:\/\/nordend.eu\/de\/otl\/","og_site_name":"Nordend","article_modified_time":"2024-03-04T06:41:55+00:00","og_image":[{"width":850,"height":810,"url":"https:\/\/nordend.eu\/wp-content\/uploads\/2023\/06\/logo-header.png","type":"image\/png"}],"twitter_card":"summary_large_image","twitter_misc":{"Gesch\u00e4tzte Lesezeit":"3\u00a0Minuten"},"schema":{"@context":"https:\/\/schema.org","@graph":[{"@type":"WebPage","@id":"https:\/\/nordend.eu\/de\/otl\/","url":"https:\/\/nordend.eu\/de\/otl\/","name":"OTL - Nordend","isPartOf":{"@id":"https:\/\/nordend.eu\/de\/#website"},"datePublished":"2023-06-20T11:47:20+00:00","dateModified":"2024-03-04T06:41:55+00:00","description":"Eine Object Type Library (OTL) ist eine Sammlung von Asset-Typen, die in verschiedenen Anwendungen f\u00fcr ein einheitliches Verst\u00e4ndnis und eine einheitliche Nutzung von Daten.","breadcrumb":{"@id":"https:\/\/nordend.eu\/de\/otl\/#breadcrumb"},"inLanguage":"de","potentialAction":[{"@type":"ReadAction","target":["https:\/\/nordend.eu\/de\/otl\/"]}]},{"@type":"BreadcrumbList","@id":"https:\/\/nordend.eu\/de\/otl\/#breadcrumb","itemListElement":[{"@type":"ListItem","position":1,"name":"Home","item":"https:\/\/nordend.eu\/de\/"},{"@type":"ListItem","position":2,"name":"OTL"}]},{"@type":"WebSite","@id":"https:\/\/nordend.eu\/de\/#website","url":"https:\/\/nordend.eu\/de\/","name":"Nordend","description":"Software is the means to an end","publisher":{"@id":"https:\/\/nordend.eu\/de\/#organization"},"potentialAction":[{"@type":"SearchAction","target":{"@type":"EntryPoint","urlTemplate":"https:\/\/nordend.eu\/de\/?s={search_term_string}"},"query-input":{"@type":"PropertyValueSpecification","valueRequired":true,"valueName":"search_term_string"}}],"inLanguage":"de"},{"@type":"Organization","@id":"https:\/\/nordend.eu\/de\/#organization","name":"Nordend","url":"https:\/\/nordend.eu\/de\/","logo":{"@type":"ImageObject","inLanguage":"de","@id":"https:\/\/nordend.eu\/de\/#\/schema\/logo\/image\/","url":"https:\/\/nordend.eu\/wp-content\/uploads\/2026\/03\/logo-header-26.png","contentUrl":"https:\/\/nordend.eu\/wp-content\/uploads\/2026\/03\/logo-header-26.png","width":850,"height":810,"caption":"Nordend"},"image":{"@id":"https:\/\/nordend.eu\/de\/#\/schema\/logo\/image\/"},"sameAs":["https:\/\/www.linkedin.com\/company\/37897769\/"]}]}},"_links":{"self":[{"href":"https:\/\/nordend.eu\/de\/wp-json\/wp\/v2\/pages\/3600","targetHints":{"allow":["GET"]}}],"collection":[{"href":"https:\/\/nordend.eu\/de\/wp-json\/wp\/v2\/pages"}],"about":[{"href":"https:\/\/nordend.eu\/de\/wp-json\/wp\/v2\/types\/page"}],"author":[{"embeddable":true,"href":"https:\/\/nordend.eu\/de\/wp-json\/wp\/v2\/users\/1"}],"replies":[{"embeddable":true,"href":"https:\/\/nordend.eu\/de\/wp-json\/wp\/v2\/comments?post=3600"}],"version-history":[{"count":4,"href":"https:\/\/nordend.eu\/de\/wp-json\/wp\/v2\/pages\/3600\/revisions"}],"predecessor-version":[{"id":4016,"href":"https:\/\/nordend.eu\/de\/wp-json\/wp\/v2\/pages\/3600\/revisions\/4016"}],"wp:attachment":[{"href":"https:\/\/nordend.eu\/de\/wp-json\/wp\/v2\/media?parent=3600"}],"curies":[{"name":"wp","href":"https:\/\/api.w.org\/{rel}","templated":true}]}}