{"id":3609,"date":"2023-06-27T11:38:25","date_gmt":"2023-06-27T09:38:25","guid":{"rendered":"https:\/\/nordend.eu\/imkl-lesen-und-konvertieren\/"},"modified":"2024-02-01T07:50:57","modified_gmt":"2024-02-01T06:50:57","slug":"imkl-lesen-und-konvertieren","status":"publish","type":"page","link":"https:\/\/nordend.eu\/de\/imkl-lesen-und-konvertieren\/","title":{"rendered":"IMKL Read and Convert"},"content":{"rendered":"\t\t<div data-elementor-type=\"wp-page\" data-elementor-id=\"3609\" class=\"elementor elementor-3609 elementor-929\" data-elementor-post-type=\"page\">\n\t\t\t\t\t\t<section class=\"elementor-section elementor-top-section elementor-element elementor-element-52330148 elementor-section-height-min-height elementor-section-boxed elementor-section-height-default elementor-section-items-middle\" data-id=\"52330148\" data-element_type=\"section\" data-e-type=\"section\" data-settings=\"{&quot;background_background&quot;:&quot;classic&quot;,&quot;ekit_has_onepagescroll_dot&quot;:&quot;yes&quot;}\">\n\t\t\t\t\t\t\t<div class=\"elementor-background-overlay\"><\/div>\n\t\t\t\t\t\t\t<div class=\"elementor-container elementor-column-gap-default\">\n\t\t\t\t\t<div class=\"elementor-column elementor-col-100 elementor-top-column elementor-element elementor-element-8fa95b4\" data-id=\"8fa95b4\" data-element_type=\"column\" data-e-type=\"column\">\n\t\t\t<div class=\"elementor-widget-wrap elementor-element-populated\">\n\t\t\t\t\t\t<div class=\"elementor-element elementor-element-cf74b6a elementor-widget elementor-widget-heading\" data-id=\"cf74b6a\" data-element_type=\"widget\" data-e-type=\"widget\" data-settings=\"{&quot;ekit_we_effect_on&quot;:&quot;none&quot;}\" data-widget_type=\"heading.default\">\n\t\t\t\t<div class=\"elementor-widget-container\">\n\t\t\t\t\t<span class=\"elementor-heading-title elementor-size-default\">Projekte<\/span>\t\t\t\t<\/div>\n\t\t\t\t<\/div>\n\t\t\t\t<div class=\"elementor-element elementor-element-74090f6 elementor-widget-divider--view-line elementor-widget elementor-widget-divider\" data-id=\"74090f6\" data-element_type=\"widget\" data-e-type=\"widget\" data-settings=\"{&quot;ekit_we_effect_on&quot;:&quot;none&quot;}\" data-widget_type=\"divider.default\">\n\t\t\t\t<div class=\"elementor-widget-container\">\n\t\t\t\t\t\t\t<div class=\"elementor-divider\">\n\t\t\t<span class=\"elementor-divider-separator\">\n\t\t\t\t\t\t<\/span>\n\t\t<\/div>\n\t\t\t\t\t\t<\/div>\n\t\t\t\t<\/div>\n\t\t\t\t<div class=\"elementor-element elementor-element-49b1c44d elementor-widget elementor-widget-heading\" data-id=\"49b1c44d\" data-element_type=\"widget\" data-e-type=\"widget\" data-settings=\"{&quot;ekit_we_effect_on&quot;:&quot;none&quot;}\" data-widget_type=\"heading.default\">\n\t\t\t\t<div class=\"elementor-widget-container\">\n\t\t\t\t\t<h1 class=\"elementor-heading-title elementor-size-default\">IMKL Read and Convert<\/h1>\t\t\t\t<\/div>\n\t\t\t\t<\/div>\n\t\t\t\t\t<\/div>\n\t\t<\/div>\n\t\t\t\t\t<\/div>\n\t\t<\/section>\n\t\t\t\t<section class=\"elementor-section elementor-top-section elementor-element elementor-element-92db497 elementor-reverse-tablet elementor-reverse-mobile elementor-section-boxed elementor-section-height-default elementor-section-height-default\" data-id=\"92db497\" data-element_type=\"section\" data-e-type=\"section\" data-settings=\"{&quot;ekit_has_onepagescroll_dot&quot;:&quot;yes&quot;}\">\n\t\t\t\t\t\t<div class=\"elementor-container elementor-column-gap-default\">\n\t\t\t\t\t<div class=\"elementor-column elementor-col-50 elementor-top-column elementor-element elementor-element-30d11dd\" data-id=\"30d11dd\" data-element_type=\"column\" data-e-type=\"column\" data-settings=\"{&quot;background_background&quot;:&quot;classic&quot;}\">\n\t\t\t<div class=\"elementor-widget-wrap elementor-element-populated\">\n\t\t\t\t\t\t<div class=\"elementor-element elementor-element-0e6c2d5 elementor-widget elementor-widget-heading\" data-id=\"0e6c2d5\" data-element_type=\"widget\" data-e-type=\"widget\" data-settings=\"{&quot;ekit_we_effect_on&quot;:&quot;none&quot;}\" data-widget_type=\"heading.default\">\n\t\t\t\t<div class=\"elementor-widget-container\">\n\t\t\t\t\t<span class=\"elementor-heading-title elementor-size-default\">Maximale Flexibilit\u00e4t<\/span>\t\t\t\t<\/div>\n\t\t\t\t<\/div>\n\t\t\t\t<div class=\"elementor-element elementor-element-abe6632 elementor-widget__width-auto elementor-widget elementor-widget-heading\" data-id=\"abe6632\" data-element_type=\"widget\" data-e-type=\"widget\" data-settings=\"{&quot;ekit_we_effect_on&quot;:&quot;none&quot;}\" data-widget_type=\"heading.default\">\n\t\t\t\t<div class=\"elementor-widget-container\">\n\t\t\t\t\t<h2 class=\"elementor-heading-title elementor-size-default\">Brauchbare Datenkonvertierung<\/h2>\t\t\t\t<\/div>\n\t\t\t\t<\/div>\n\t\t\t\t<div class=\"elementor-element elementor-element-6c35539 elementor-widget elementor-widget-text-editor\" data-id=\"6c35539\" data-element_type=\"widget\" data-e-type=\"widget\" data-settings=\"{&quot;ekit_we_effect_on&quot;:&quot;none&quot;}\" data-widget_type=\"text-editor.default\">\n\t\t\t\t<div class=\"elementor-widget-container\">\n\t\t\t\t\t\t\t\t\t<p>Seit 2015 muss jeder, der Grabungsarbeiten durchf\u00fchrt, einen KLIP-Antrag stellen. Dadurch werden Aushubsch\u00e4den vermieden. Alle Kabel- und Rohrleitungsbetreiber in Flandern \u00fcbermitteln die Lage ihrer unterirdischen Infrastruktur \u00fcber das IMKL-Format. Dieses XML-Format basiert auf INSPIRE und kann nicht immer von CAD- und GIS-Software gelesen werden. Die L\u00f6sung? Nordend hat ein spezielles Plug-In f\u00fcr FME Server entwickelt. Dadurch wird das Format in eine Datei umgewandelt, die vom Projektentwickler sofort verwendet werden kann.<\/p>\n<p>Wie funktioniert das? Zun\u00e4chst wandelt das System jede Themenebene aus dem IMKL in ein Zwischenformat um. Dann w\u00e4hlt der Nutzer seinen Favoriten aus: GeoPackage, SpatiaLite, DWG, DWG mit OD (AutoCAD Map 3D), DGN, SDF, SHP, FileGeoDB oder FFS.<\/p>\n<p>Die Vorteile? Maximale Flexibilit\u00e4t bei der Anwendung Ihrer bestehenden Vorlagen auf die DWG- und DGN-Dateien. Sie entscheiden, welche Attribute in der Ausgabe sichtbar sind und welchen Namen sie erhalten. Dies ist eine hervorragende L\u00f6sung f\u00fcr SHP-Dateien, bei denen die L\u00e4nge der Namen begrenzt ist: IMKL Read and Convert l\u00e4sst sich perfekt in Ihre laufenden Gesch\u00e4ftsprozesse einbinden.<\/p>\n<p>Die Nordend-L\u00f6sung:<\/p>\n\t\t\t\t\t\t\t\t<\/div>\n\t\t\t\t<\/div>\n\t\t\t\t<div class=\"elementor-element elementor-element-c8ff681 elementor-icon-list--layout-traditional elementor-list-item-link-full_width elementor-widget elementor-widget-icon-list\" data-id=\"c8ff681\" data-element_type=\"widget\" data-e-type=\"widget\" data-settings=\"{&quot;ekit_we_effect_on&quot;:&quot;none&quot;}\" data-widget_type=\"icon-list.default\">\n\t\t\t\t<div class=\"elementor-widget-container\">\n\t\t\t\t\t\t\t<ul class=\"elementor-icon-list-items\">\n\t\t\t\t\t\t\t<li class=\"elementor-icon-list-item\">\n\t\t\t\t\t\t\t\t\t\t\t<span class=\"elementor-icon-list-icon\">\n\t\t\t\t\t\t\t<i aria-hidden=\"true\" class=\"fas fa-chevron-right\"><\/i>\t\t\t\t\t\t<\/span>\n\t\t\t\t\t\t\t\t\t\t<span class=\"elementor-icon-list-text\">Funktioniert auf FME Desktop und FME Server<\/span>\n\t\t\t\t\t\t\t\t\t<\/li>\n\t\t\t\t\t\t\t\t<li class=\"elementor-icon-list-item\">\n\t\t\t\t\t\t\t\t\t\t\t<span class=\"elementor-icon-list-icon\">\n\t\t\t\t\t\t\t<i aria-hidden=\"true\" class=\"fas fa-chevron-right\"><\/i>\t\t\t\t\t\t<\/span>\n\t\t\t\t\t\t\t\t\t\t<span class=\"elementor-icon-list-text\">Verarbeitet einzelne und komplette IMKL-Pakete<\/span>\n\t\t\t\t\t\t\t\t\t<\/li>\n\t\t\t\t\t\t\t\t<li class=\"elementor-icon-list-item\">\n\t\t\t\t\t\t\t\t\t\t\t<span class=\"elementor-icon-list-icon\">\n\t\t\t\t\t\t\t<i aria-hidden=\"true\" class=\"fas fa-chevron-right\"><\/i>\t\t\t\t\t\t<\/span>\n\t\t\t\t\t\t\t\t\t\t<span class=\"elementor-icon-list-text\">Ist in der FME Cloud verf\u00fcgbar<\/span>\n\t\t\t\t\t\t\t\t\t<\/li>\n\t\t\t\t\t\t<\/ul>\n\t\t\t\t\t\t<\/div>\n\t\t\t\t<\/div>\n\t\t\t\t<div class=\"elementor-element elementor-element-a061460 elementor-widget elementor-widget-text-editor\" data-id=\"a061460\" data-element_type=\"widget\" data-e-type=\"widget\" data-settings=\"{&quot;ekit_we_effect_on&quot;:&quot;none&quot;}\" data-widget_type=\"text-editor.default\">\n\t\t\t\t<div class=\"elementor-widget-container\">\n\t\t\t\t\t\t\t\t\t<p>M\u00f6chten Sie weitere Informationen erhalten? Sie k\u00f6nnen uns gerne kontaktieren. W\u00e4hrend einer Software-Demonstration werden wir gemeinsam den Mehrwert von IMKL Read and Convert f\u00fcr Ihr Unternehmen entdecken.<\/p>\n\t\t\t\t\t\t\t\t<\/div>\n\t\t\t\t<\/div>\n\t\t\t\t\t<\/div>\n\t\t<\/div>\n\t\t\t\t<div class=\"elementor-column elementor-col-50 elementor-top-column elementor-element elementor-element-70497a3\" data-id=\"70497a3\" data-element_type=\"column\" data-e-type=\"column\" data-settings=\"{&quot;background_background&quot;:&quot;classic&quot;}\">\n\t\t\t<div class=\"elementor-widget-wrap elementor-element-populated\">\n\t\t\t\t\t\t<div class=\"elementor-element elementor-element-ba2ef8d elementor-widget elementor-widget-spacer\" data-id=\"ba2ef8d\" data-element_type=\"widget\" data-e-type=\"widget\" data-settings=\"{&quot;ekit_we_effect_on&quot;:&quot;none&quot;}\" data-widget_type=\"spacer.default\">\n\t\t\t\t<div class=\"elementor-widget-container\">\n\t\t\t\t\t\t\t<div class=\"elementor-spacer\">\n\t\t\t<div class=\"elementor-spacer-inner\"><\/div>\n\t\t<\/div>\n\t\t\t\t\t\t<\/div>\n\t\t\t\t<\/div>\n\t\t\t\t\t<\/div>\n\t\t<\/div>\n\t\t\t\t\t<\/div>\n\t\t<\/section>\n\t\t\t\t<section class=\"elementor-section elementor-top-section elementor-element elementor-element-11e0ea4 elementor-section-boxed elementor-section-height-default elementor-section-height-default\" data-id=\"11e0ea4\" data-element_type=\"section\" data-e-type=\"section\" data-settings=\"{&quot;ekit_has_onepagescroll_dot&quot;:&quot;yes&quot;}\">\n\t\t\t\t\t\t<div class=\"elementor-container elementor-column-gap-default\">\n\t\t\t\t\t<div class=\"elementor-column elementor-col-100 elementor-top-column elementor-element elementor-element-d1ba785\" data-id=\"d1ba785\" data-element_type=\"column\" data-e-type=\"column\">\n\t\t\t<div class=\"elementor-widget-wrap elementor-element-populated\">\n\t\t\t\t\t\t<div class=\"elementor-element elementor-element-2c5147d elementor--h-position-center elementor--v-position-middle elementor-arrows-position-inside elementor-pagination-position-inside elementor-widget elementor-widget-slides\" data-id=\"2c5147d\" data-element_type=\"widget\" data-e-type=\"widget\" data-settings=\"{&quot;navigation&quot;:&quot;both&quot;,&quot;autoplay&quot;:&quot;yes&quot;,&quot;pause_on_hover&quot;:&quot;yes&quot;,&quot;pause_on_interaction&quot;:&quot;yes&quot;,&quot;autoplay_speed&quot;:5000,&quot;infinite&quot;:&quot;yes&quot;,&quot;transition&quot;:&quot;slide&quot;,&quot;transition_speed&quot;:500,&quot;ekit_we_effect_on&quot;:&quot;none&quot;}\" data-widget_type=\"slides.default\">\n\t\t\t\t<div class=\"elementor-widget-container\">\n\t\t\t\t\t\t\t\t\t<div class=\"elementor-swiper\">\n\t\t\t\t\t<div class=\"elementor-slides-wrapper elementor-main-swiper swiper\" role=\"region\" aria-roledescription=\"carousel\" aria-label=\"Slider\" dir=\"ltr\" data-animation=\"fadeInUp\">\n\t\t\t\t<div class=\"swiper-wrapper elementor-slides\">\n\t\t\t\t\t\t\t\t\t\t<div class=\"elementor-repeater-item-9f9ade1 swiper-slide\" role=\"group\" aria-roledescription=\"slide\"><div class=\"swiper-slide-bg elementor-ken-burns elementor-ken-burns--in\" role=\"img\" aria-label=\"IMKL and INSPIRE\"><\/div><a class=\"swiper-slide-inner\" href=\"https:\/\/nordend.eu\/de\/imkl-lesen-und-konvertieren\/\"><div class=\"swiper-slide-contents\"><div class=\"elementor-slide-heading\">IMKL Read and Convert<\/div><div  class=\"elementor-button elementor-slide-button elementor-size-sm\">Mehr Informationen<\/div><\/div><\/a><\/div><div class=\"elementor-repeater-item-34e99c8 swiper-slide\" role=\"group\" aria-roledescription=\"slide\"><div class=\"swiper-slide-bg\" role=\"img\" aria-label=\"Manage data\"><\/div><a class=\"swiper-slide-inner\" href=\"https:\/\/nordend.eu\/de\/wander-und-fahrradkarten\/\"><div class=\"swiper-slide-contents\"><div class=\"elementor-slide-heading\">Wander- und Fahrradkarten<\/div><div  class=\"elementor-button elementor-slide-button elementor-size-sm\">Mehr Informationen<\/div><\/div><\/a><\/div><div class=\"elementor-repeater-item-b9d9522 swiper-slide\" role=\"group\" aria-roledescription=\"slide\"><div class=\"swiper-slide-bg\" role=\"img\" aria-label=\"Geographic data engineer\"><\/div><a class=\"swiper-slide-inner\" href=\"https:\/\/nordend.eu\/de\/fme-server-dashboard\/\"><div class=\"swiper-slide-contents\"><div class=\"elementor-slide-heading\">FME Server Dashboard<\/div><div  class=\"elementor-button elementor-slide-button elementor-size-sm\">Mehr Informationen<\/div><\/div><\/a><\/div>\t\t\t\t<\/div>\n\t\t\t\t\t\t\t\t\t\t\t\t\t\t\t<div class=\"elementor-swiper-button elementor-swiper-button-prev\" role=\"button\" tabindex=\"0\" aria-label=\"Vorheriger Slide\">\n\t\t\t\t\t\t\t<i aria-hidden=\"true\" class=\"eicon-chevron-left\"><\/i>\t\t\t\t\t\t<\/div>\n\t\t\t\t\t\t<div class=\"elementor-swiper-button elementor-swiper-button-next\" role=\"button\" tabindex=\"0\" aria-label=\"N\u00e4chster Slide\">\n\t\t\t\t\t\t\t<i aria-hidden=\"true\" class=\"eicon-chevron-right\"><\/i>\t\t\t\t\t\t<\/div>\n\t\t\t\t\t\t\t\t\t\t\t\t\t\t\t\t<div class=\"swiper-pagination\"><\/div>\n\t\t\t\t\t\t\t\t\t\t\t\t<\/div>\n\t\t\t\t<\/div>\n\t\t\t\t\t\t\t\t<\/div>\n\t\t\t\t<\/div>\n\t\t\t\t\t<\/div>\n\t\t<\/div>\n\t\t\t\t\t<\/div>\n\t\t<\/section>\n\t\t\t\t<\/div>\n\t\t","protected":false},"excerpt":{"rendered":"<p>Projekte IMKL Read and Convert Maximale Flexibilit\u00e4t Brauchbare Datenkonvertierung Seit 2015 muss jeder, der Grabungsarbeiten durchf\u00fchrt, einen KLIP-Antrag stellen. Dadurch werden Aushubsch\u00e4den vermieden. Alle Kabel- und Rohrleitungsbetreiber in Flandern \u00fcbermitteln die Lage ihrer unterirdischen Infrastruktur \u00fcber das IMKL-Format. Dieses XML-Format basiert auf INSPIRE und kann nicht immer von CAD- und GIS-Software gelesen werden. Die L\u00f6sung? [&hellip;]<\/p>\n","protected":false},"author":1,"featured_media":0,"parent":0,"menu_order":0,"comment_status":"closed","ping_status":"closed","template":"elementor_theme","meta":{"footnotes":""},"class_list":["post-3609","page","type-page","status-publish","hentry"],"yoast_head":"<!-- This site is optimized with the Yoast SEO plugin v27.4 - https:\/\/yoast.com\/product\/yoast-seo-wordpress\/ -->\n<title>IMKL Read and Convert - Nordend<\/title>\n<meta name=\"robots\" content=\"index, follow, max-snippet:-1, max-image-preview:large, max-video-preview:-1\" \/>\n<link rel=\"canonical\" href=\"https:\/\/nordend.eu\/de\/imkl-lesen-und-konvertieren\/\" \/>\n<meta property=\"og:locale\" content=\"de_DE\" \/>\n<meta property=\"og:type\" content=\"article\" \/>\n<meta property=\"og:title\" content=\"IMKL Read and Convert - Nordend\" \/>\n<meta property=\"og:description\" content=\"Projekte IMKL Read and Convert Maximale Flexibilit\u00e4t Brauchbare Datenkonvertierung Seit 2015 muss jeder, der Grabungsarbeiten durchf\u00fchrt, einen KLIP-Antrag stellen. Dadurch werden Aushubsch\u00e4den vermieden. Alle Kabel- und Rohrleitungsbetreiber in Flandern \u00fcbermitteln die Lage ihrer unterirdischen Infrastruktur \u00fcber das IMKL-Format. Dieses XML-Format basiert auf INSPIRE und kann nicht immer von CAD- und GIS-Software gelesen werden. Die L\u00f6sung? [&hellip;]\" \/>\n<meta property=\"og:url\" content=\"https:\/\/nordend.eu\/de\/imkl-lesen-und-konvertieren\/\" \/>\n<meta property=\"og:site_name\" content=\"Nordend\" \/>\n<meta property=\"article:modified_time\" content=\"2024-02-01T06:50:57+00:00\" \/>\n<meta property=\"og:image\" content=\"https:\/\/nordend.eu\/wp-content\/uploads\/2023\/06\/logo-header.png\" \/>\n\t<meta property=\"og:image:width\" content=\"850\" \/>\n\t<meta property=\"og:image:height\" content=\"810\" \/>\n\t<meta property=\"og:image:type\" content=\"image\/png\" \/>\n<meta name=\"twitter:card\" content=\"summary_large_image\" \/>\n<meta name=\"twitter:label1\" content=\"Gesch\u00e4tzte Lesezeit\" \/>\n\t<meta name=\"twitter:data1\" content=\"1\u00a0Minute\" \/>\n<script type=\"application\/ld+json\" class=\"yoast-schema-graph\">{\"@context\":\"https:\\\/\\\/schema.org\",\"@graph\":[{\"@type\":\"WebPage\",\"@id\":\"https:\\\/\\\/nordend.eu\\\/de\\\/imkl-lesen-und-konvertieren\\\/\",\"url\":\"https:\\\/\\\/nordend.eu\\\/de\\\/imkl-lesen-und-konvertieren\\\/\",\"name\":\"IMKL Read and Convert - Nordend\",\"isPartOf\":{\"@id\":\"https:\\\/\\\/nordend.eu\\\/de\\\/#website\"},\"datePublished\":\"2023-06-27T09:38:25+00:00\",\"dateModified\":\"2024-02-01T06:50:57+00:00\",\"breadcrumb\":{\"@id\":\"https:\\\/\\\/nordend.eu\\\/de\\\/imkl-lesen-und-konvertieren\\\/#breadcrumb\"},\"inLanguage\":\"de\",\"potentialAction\":[{\"@type\":\"ReadAction\",\"target\":[\"https:\\\/\\\/nordend.eu\\\/de\\\/imkl-lesen-und-konvertieren\\\/\"]}]},{\"@type\":\"BreadcrumbList\",\"@id\":\"https:\\\/\\\/nordend.eu\\\/de\\\/imkl-lesen-und-konvertieren\\\/#breadcrumb\",\"itemListElement\":[{\"@type\":\"ListItem\",\"position\":1,\"name\":\"Home\",\"item\":\"https:\\\/\\\/nordend.eu\\\/de\\\/\"},{\"@type\":\"ListItem\",\"position\":2,\"name\":\"IMKL Read and Convert\"}]},{\"@type\":\"WebSite\",\"@id\":\"https:\\\/\\\/nordend.eu\\\/de\\\/#website\",\"url\":\"https:\\\/\\\/nordend.eu\\\/de\\\/\",\"name\":\"Nordend\",\"description\":\"Software is the means to an end\",\"publisher\":{\"@id\":\"https:\\\/\\\/nordend.eu\\\/de\\\/#organization\"},\"potentialAction\":[{\"@type\":\"SearchAction\",\"target\":{\"@type\":\"EntryPoint\",\"urlTemplate\":\"https:\\\/\\\/nordend.eu\\\/de\\\/?s={search_term_string}\"},\"query-input\":{\"@type\":\"PropertyValueSpecification\",\"valueRequired\":true,\"valueName\":\"search_term_string\"}}],\"inLanguage\":\"de\"},{\"@type\":\"Organization\",\"@id\":\"https:\\\/\\\/nordend.eu\\\/de\\\/#organization\",\"name\":\"Nordend\",\"url\":\"https:\\\/\\\/nordend.eu\\\/de\\\/\",\"logo\":{\"@type\":\"ImageObject\",\"inLanguage\":\"de\",\"@id\":\"https:\\\/\\\/nordend.eu\\\/de\\\/#\\\/schema\\\/logo\\\/image\\\/\",\"url\":\"https:\\\/\\\/nordend.eu\\\/wp-content\\\/uploads\\\/2026\\\/03\\\/logo-header-26.png\",\"contentUrl\":\"https:\\\/\\\/nordend.eu\\\/wp-content\\\/uploads\\\/2026\\\/03\\\/logo-header-26.png\",\"width\":850,\"height\":810,\"caption\":\"Nordend\"},\"image\":{\"@id\":\"https:\\\/\\\/nordend.eu\\\/de\\\/#\\\/schema\\\/logo\\\/image\\\/\"},\"sameAs\":[\"https:\\\/\\\/www.linkedin.com\\\/company\\\/37897769\\\/\"]}]}<\/script>\n<!-- \/ Yoast SEO plugin. -->","yoast_head_json":{"title":"IMKL Read and Convert - Nordend","robots":{"index":"index","follow":"follow","max-snippet":"max-snippet:-1","max-image-preview":"max-image-preview:large","max-video-preview":"max-video-preview:-1"},"canonical":"https:\/\/nordend.eu\/de\/imkl-lesen-und-konvertieren\/","og_locale":"de_DE","og_type":"article","og_title":"IMKL Read and Convert - Nordend","og_description":"Projekte IMKL Read and Convert Maximale Flexibilit\u00e4t Brauchbare Datenkonvertierung Seit 2015 muss jeder, der Grabungsarbeiten durchf\u00fchrt, einen KLIP-Antrag stellen. Dadurch werden Aushubsch\u00e4den vermieden. Alle Kabel- und Rohrleitungsbetreiber in Flandern \u00fcbermitteln die Lage ihrer unterirdischen Infrastruktur \u00fcber das IMKL-Format. Dieses XML-Format basiert auf INSPIRE und kann nicht immer von CAD- und GIS-Software gelesen werden. Die L\u00f6sung? [&hellip;]","og_url":"https:\/\/nordend.eu\/de\/imkl-lesen-und-konvertieren\/","og_site_name":"Nordend","article_modified_time":"2024-02-01T06:50:57+00:00","og_image":[{"width":850,"height":810,"url":"https:\/\/nordend.eu\/wp-content\/uploads\/2023\/06\/logo-header.png","type":"image\/png"}],"twitter_card":"summary_large_image","twitter_misc":{"Gesch\u00e4tzte Lesezeit":"1\u00a0Minute"},"schema":{"@context":"https:\/\/schema.org","@graph":[{"@type":"WebPage","@id":"https:\/\/nordend.eu\/de\/imkl-lesen-und-konvertieren\/","url":"https:\/\/nordend.eu\/de\/imkl-lesen-und-konvertieren\/","name":"IMKL Read and Convert - Nordend","isPartOf":{"@id":"https:\/\/nordend.eu\/de\/#website"},"datePublished":"2023-06-27T09:38:25+00:00","dateModified":"2024-02-01T06:50:57+00:00","breadcrumb":{"@id":"https:\/\/nordend.eu\/de\/imkl-lesen-und-konvertieren\/#breadcrumb"},"inLanguage":"de","potentialAction":[{"@type":"ReadAction","target":["https:\/\/nordend.eu\/de\/imkl-lesen-und-konvertieren\/"]}]},{"@type":"BreadcrumbList","@id":"https:\/\/nordend.eu\/de\/imkl-lesen-und-konvertieren\/#breadcrumb","itemListElement":[{"@type":"ListItem","position":1,"name":"Home","item":"https:\/\/nordend.eu\/de\/"},{"@type":"ListItem","position":2,"name":"IMKL Read and Convert"}]},{"@type":"WebSite","@id":"https:\/\/nordend.eu\/de\/#website","url":"https:\/\/nordend.eu\/de\/","name":"Nordend","description":"Software is the means to an end","publisher":{"@id":"https:\/\/nordend.eu\/de\/#organization"},"potentialAction":[{"@type":"SearchAction","target":{"@type":"EntryPoint","urlTemplate":"https:\/\/nordend.eu\/de\/?s={search_term_string}"},"query-input":{"@type":"PropertyValueSpecification","valueRequired":true,"valueName":"search_term_string"}}],"inLanguage":"de"},{"@type":"Organization","@id":"https:\/\/nordend.eu\/de\/#organization","name":"Nordend","url":"https:\/\/nordend.eu\/de\/","logo":{"@type":"ImageObject","inLanguage":"de","@id":"https:\/\/nordend.eu\/de\/#\/schema\/logo\/image\/","url":"https:\/\/nordend.eu\/wp-content\/uploads\/2026\/03\/logo-header-26.png","contentUrl":"https:\/\/nordend.eu\/wp-content\/uploads\/2026\/03\/logo-header-26.png","width":850,"height":810,"caption":"Nordend"},"image":{"@id":"https:\/\/nordend.eu\/de\/#\/schema\/logo\/image\/"},"sameAs":["https:\/\/www.linkedin.com\/company\/37897769\/"]}]}},"_links":{"self":[{"href":"https:\/\/nordend.eu\/de\/wp-json\/wp\/v2\/pages\/3609","targetHints":{"allow":["GET"]}}],"collection":[{"href":"https:\/\/nordend.eu\/de\/wp-json\/wp\/v2\/pages"}],"about":[{"href":"https:\/\/nordend.eu\/de\/wp-json\/wp\/v2\/types\/page"}],"author":[{"embeddable":true,"href":"https:\/\/nordend.eu\/de\/wp-json\/wp\/v2\/users\/1"}],"replies":[{"embeddable":true,"href":"https:\/\/nordend.eu\/de\/wp-json\/wp\/v2\/comments?post=3609"}],"version-history":[{"count":3,"href":"https:\/\/nordend.eu\/de\/wp-json\/wp\/v2\/pages\/3609\/revisions"}],"predecessor-version":[{"id":3612,"href":"https:\/\/nordend.eu\/de\/wp-json\/wp\/v2\/pages\/3609\/revisions\/3612"}],"wp:attachment":[{"href":"https:\/\/nordend.eu\/de\/wp-json\/wp\/v2\/media?parent=3609"}],"curies":[{"name":"wp","href":"https:\/\/api.w.org\/{rel}","templated":true}]}}