{"id":2440,"date":"2023-06-27T11:38:04","date_gmt":"2023-06-27T09:38:04","guid":{"rendered":"https:\/\/nordend.eu\/cartes-de-randonnees-pedestres-et-cyclistes\/"},"modified":"2024-01-30T17:58:15","modified_gmt":"2024-01-30T16:58:15","slug":"cartes-de-randonnees-pedestres-et-cyclistes","status":"publish","type":"page","link":"https:\/\/nordend.eu\/fr\/cartes-de-randonnees-pedestres-et-cyclistes\/","title":{"rendered":"Cartes de randonn\u00e9es p\u00e9destres et cyclistes"},"content":{"rendered":"\t\t<div data-elementor-type=\"wp-page\" data-elementor-id=\"2440\" class=\"elementor elementor-2440 elementor-927\" data-elementor-post-type=\"page\">\n\t\t\t\t\t\t<section class=\"elementor-section elementor-top-section elementor-element elementor-element-52330148 elementor-section-height-min-height elementor-section-boxed elementor-section-height-default elementor-section-items-middle\" data-id=\"52330148\" data-element_type=\"section\" data-e-type=\"section\" data-settings=\"{&quot;background_background&quot;:&quot;classic&quot;,&quot;ekit_has_onepagescroll_dot&quot;:&quot;yes&quot;}\">\n\t\t\t\t\t\t\t<div class=\"elementor-background-overlay\"><\/div>\n\t\t\t\t\t\t\t<div class=\"elementor-container elementor-column-gap-default\">\n\t\t\t\t\t<div class=\"elementor-column elementor-col-100 elementor-top-column elementor-element elementor-element-8fa95b4\" data-id=\"8fa95b4\" data-element_type=\"column\" data-e-type=\"column\">\n\t\t\t<div class=\"elementor-widget-wrap elementor-element-populated\">\n\t\t\t\t\t\t<div class=\"elementor-element elementor-element-cf74b6a elementor-widget elementor-widget-heading\" data-id=\"cf74b6a\" data-element_type=\"widget\" data-e-type=\"widget\" data-settings=\"{&quot;ekit_we_effect_on&quot;:&quot;none&quot;}\" data-widget_type=\"heading.default\">\n\t\t\t\t<div class=\"elementor-widget-container\">\n\t\t\t\t\t<span class=\"elementor-heading-title elementor-size-default\">\u00c9tudes de cas<\/span>\t\t\t\t<\/div>\n\t\t\t\t<\/div>\n\t\t\t\t<div class=\"elementor-element elementor-element-74090f6 elementor-widget-divider--view-line elementor-widget elementor-widget-divider\" data-id=\"74090f6\" data-element_type=\"widget\" data-e-type=\"widget\" data-settings=\"{&quot;ekit_we_effect_on&quot;:&quot;none&quot;}\" data-widget_type=\"divider.default\">\n\t\t\t\t<div class=\"elementor-widget-container\">\n\t\t\t\t\t\t\t<div class=\"elementor-divider\">\n\t\t\t<span class=\"elementor-divider-separator\">\n\t\t\t\t\t\t<\/span>\n\t\t<\/div>\n\t\t\t\t\t\t<\/div>\n\t\t\t\t<\/div>\n\t\t\t\t<div class=\"elementor-element elementor-element-49b1c44d elementor-widget elementor-widget-heading\" data-id=\"49b1c44d\" data-element_type=\"widget\" data-e-type=\"widget\" data-settings=\"{&quot;ekit_we_effect_on&quot;:&quot;none&quot;}\" data-widget_type=\"heading.default\">\n\t\t\t\t<div class=\"elementor-widget-container\">\n\t\t\t\t\t<h1 class=\"elementor-heading-title elementor-size-default\">Cartes de randonn\u00e9es p\u00e9destres et cyclistes<\/h1>\t\t\t\t<\/div>\n\t\t\t\t<\/div>\n\t\t\t\t\t<\/div>\n\t\t<\/div>\n\t\t\t\t\t<\/div>\n\t\t<\/section>\n\t\t\t\t<section class=\"elementor-section elementor-top-section elementor-element elementor-element-a926994 elementor-reverse-tablet elementor-reverse-mobile elementor-section-boxed elementor-section-height-default elementor-section-height-default\" data-id=\"a926994\" data-element_type=\"section\" data-e-type=\"section\" data-settings=\"{&quot;ekit_has_onepagescroll_dot&quot;:&quot;yes&quot;}\">\n\t\t\t\t\t\t<div class=\"elementor-container elementor-column-gap-default\">\n\t\t\t\t\t<div class=\"elementor-column elementor-col-50 elementor-top-column elementor-element elementor-element-fe58c57\" data-id=\"fe58c57\" data-element_type=\"column\" data-e-type=\"column\" data-settings=\"{&quot;background_background&quot;:&quot;classic&quot;}\">\n\t\t\t<div class=\"elementor-widget-wrap elementor-element-populated\">\n\t\t\t\t\t\t<div class=\"elementor-element elementor-element-4ca1e80 elementor-widget elementor-widget-heading\" data-id=\"4ca1e80\" data-element_type=\"widget\" data-e-type=\"widget\" data-settings=\"{&quot;ekit_we_effect_on&quot;:&quot;none&quot;}\" data-widget_type=\"heading.default\">\n\t\t\t\t<div class=\"elementor-widget-container\">\n\t\t\t\t\t<h6 class=\"elementor-heading-title elementor-size-default\">Expertise de la carte<\/h6>\t\t\t\t<\/div>\n\t\t\t\t<\/div>\n\t\t\t\t<div class=\"elementor-element elementor-element-36de32d elementor-widget__width-auto elementor-widget elementor-widget-heading\" data-id=\"36de32d\" data-element_type=\"widget\" data-e-type=\"widget\" data-settings=\"{&quot;ekit_we_effect_on&quot;:&quot;none&quot;}\" data-widget_type=\"heading.default\">\n\t\t\t\t<div class=\"elementor-widget-container\">\n\t\t\t\t\t<h2 class=\"elementor-heading-title elementor-size-default\">Carte uniforme du Luxembourg<\/h2>\t\t\t\t<\/div>\n\t\t\t\t<\/div>\n\t\t\t\t<div class=\"elementor-element elementor-element-2cf3e44 elementor-widget elementor-widget-text-editor\" data-id=\"2cf3e44\" data-element_type=\"widget\" data-e-type=\"widget\" data-settings=\"{&quot;ekit_we_effect_on&quot;:&quot;none&quot;}\" data-widget_type=\"text-editor.default\">\n\t\t\t\t<div class=\"elementor-widget-container\">\n\t\t\t\t\t\t\t\t\t<p>Nordend et Red Geographics ont r\u00e9alis\u00e9 conjointement une carte de base pour le Grand-Duch\u00e9 de Luxembourg pour le compte du Minist\u00e8re de l&rsquo;Economie (Direction G\u00e9n\u00e9rale du Tourisme). Notre approche ?<\/p>\n\t\t\t\t\t\t\t\t<\/div>\n\t\t\t\t<\/div>\n\t\t\t\t<div class=\"elementor-element elementor-element-5fa36f0 elementor-icon-list--layout-traditional elementor-list-item-link-full_width elementor-widget elementor-widget-icon-list\" data-id=\"5fa36f0\" data-element_type=\"widget\" data-e-type=\"widget\" data-settings=\"{&quot;ekit_we_effect_on&quot;:&quot;none&quot;}\" data-widget_type=\"icon-list.default\">\n\t\t\t\t<div class=\"elementor-widget-container\">\n\t\t\t\t\t\t\t<ul class=\"elementor-icon-list-items\">\n\t\t\t\t\t\t\t<li class=\"elementor-icon-list-item\">\n\t\t\t\t\t\t\t\t\t\t\t<span class=\"elementor-icon-list-icon\">\n\t\t\t\t\t\t\t<i aria-hidden=\"true\" class=\"fas fa-chevron-right\"><\/i>\t\t\t\t\t\t<\/span>\n\t\t\t\t\t\t\t\t\t\t<span class=\"elementor-icon-list-text\">Nous avons \u00e9tabli une carte de base \u00e0 partir de donn\u00e9es du cadastre, d'OpenStreetMap et d'autres sources.<\/span>\n\t\t\t\t\t\t\t\t\t<\/li>\n\t\t\t\t\t\t\t\t<li class=\"elementor-icon-list-item\">\n\t\t\t\t\t\t\t\t\t\t\t<span class=\"elementor-icon-list-icon\">\n\t\t\t\t\t\t\t<i aria-hidden=\"true\" class=\"fas fa-chevron-right\"><\/i>\t\t\t\t\t\t<\/span>\n\t\t\t\t\t\t\t\t\t\t<span class=\"elementor-icon-list-text\">Nous avons combin\u00e9 ces informations et les avons stock\u00e9es dans une base de donn\u00e9es PostGIS (avec FME).  <\/span>\n\t\t\t\t\t\t\t\t\t<\/li>\n\t\t\t\t\t\t\t\t<li class=\"elementor-icon-list-item\">\n\t\t\t\t\t\t\t\t\t\t\t<span class=\"elementor-icon-list-icon\">\n\t\t\t\t\t\t\t<i aria-hidden=\"true\" class=\"fas fa-chevron-right\"><\/i>\t\t\t\t\t\t<\/span>\n\t\t\t\t\t\t\t\t\t\t<span class=\"elementor-icon-list-text\">Nous avons d\u00e9velopp\u00e9 une l\u00e9gende pour nos donn\u00e9es collect\u00e9es (dans MAPublisher).<\/span>\n\t\t\t\t\t\t\t\t\t<\/li>\n\t\t\t\t\t\t<\/ul>\n\t\t\t\t\t\t<\/div>\n\t\t\t\t<\/div>\n\t\t\t\t<div class=\"elementor-element elementor-element-93411be elementor-widget elementor-widget-text-editor\" data-id=\"93411be\" data-element_type=\"widget\" data-e-type=\"widget\" data-settings=\"{&quot;ekit_we_effect_on&quot;:&quot;none&quot;}\" data-widget_type=\"text-editor.default\">\n\t\t\t\t<div class=\"elementor-widget-container\">\n\t\t\t\t\t\t\t\t\t<\/p>\n<p>Le r\u00e9sultat ? Une carte uniforme du Luxembourg avec un tampon de 5 kilom\u00e8tres. L&rsquo;un des cinq offices de tourisme demande un d\u00e9coupage de carte ? Nous fournissons ensuite les cartes de randonn\u00e9es p\u00e9destres et cyclistes demand\u00e9es. Ils font \u00e9galement appel \u00e0 notre expertise en mati\u00e8re de cartes de base pour les panneaux d&rsquo;information routi\u00e8re.<\/p>\n\t\t\t\t\t\t\t\t<\/div>\n\t\t\t\t<\/div>\n\t\t\t\t\t<\/div>\n\t\t<\/div>\n\t\t\t\t<div class=\"elementor-column elementor-col-50 elementor-top-column elementor-element elementor-element-7d4302e\" data-id=\"7d4302e\" data-element_type=\"column\" data-e-type=\"column\" data-settings=\"{&quot;background_background&quot;:&quot;classic&quot;}\">\n\t\t\t<div class=\"elementor-widget-wrap elementor-element-populated\">\n\t\t\t\t\t\t<div class=\"elementor-element elementor-element-0e0b299 elementor-widget elementor-widget-spacer\" data-id=\"0e0b299\" data-element_type=\"widget\" data-e-type=\"widget\" data-settings=\"{&quot;ekit_we_effect_on&quot;:&quot;none&quot;}\" data-widget_type=\"spacer.default\">\n\t\t\t\t<div class=\"elementor-widget-container\">\n\t\t\t\t\t\t\t<div class=\"elementor-spacer\">\n\t\t\t<div class=\"elementor-spacer-inner\"><\/div>\n\t\t<\/div>\n\t\t\t\t\t\t<\/div>\n\t\t\t\t<\/div>\n\t\t\t\t\t<\/div>\n\t\t<\/div>\n\t\t\t\t\t<\/div>\n\t\t<\/section>\n\t\t\t\t<section class=\"elementor-section elementor-top-section elementor-element elementor-element-d6ad7bb elementor-section-boxed elementor-section-height-default elementor-section-height-default\" data-id=\"d6ad7bb\" data-element_type=\"section\" data-e-type=\"section\" data-settings=\"{&quot;ekit_has_onepagescroll_dot&quot;:&quot;yes&quot;}\">\n\t\t\t\t\t\t<div class=\"elementor-container elementor-column-gap-default\">\n\t\t\t\t\t<div class=\"elementor-column elementor-col-100 elementor-top-column elementor-element elementor-element-acae9a2\" data-id=\"acae9a2\" data-element_type=\"column\" data-e-type=\"column\">\n\t\t\t<div class=\"elementor-widget-wrap elementor-element-populated\">\n\t\t\t\t\t\t<div class=\"elementor-element elementor-element-445f907 elementor--h-position-center elementor--v-position-middle elementor-arrows-position-inside elementor-pagination-position-inside elementor-widget elementor-widget-slides\" data-id=\"445f907\" data-element_type=\"widget\" data-e-type=\"widget\" data-settings=\"{&quot;navigation&quot;:&quot;both&quot;,&quot;autoplay&quot;:&quot;yes&quot;,&quot;pause_on_hover&quot;:&quot;yes&quot;,&quot;pause_on_interaction&quot;:&quot;yes&quot;,&quot;autoplay_speed&quot;:5000,&quot;infinite&quot;:&quot;yes&quot;,&quot;transition&quot;:&quot;slide&quot;,&quot;transition_speed&quot;:500,&quot;ekit_we_effect_on&quot;:&quot;none&quot;}\" data-widget_type=\"slides.default\">\n\t\t\t\t<div class=\"elementor-widget-container\">\n\t\t\t\t\t\t\t\t\t<div class=\"elementor-swiper\">\n\t\t\t\t\t<div class=\"elementor-slides-wrapper elementor-main-swiper swiper\" role=\"region\" aria-roledescription=\"carousel\" aria-label=\"Diapositives\" dir=\"ltr\" data-animation=\"fadeInUp\">\n\t\t\t\t<div class=\"swiper-wrapper elementor-slides\">\n\t\t\t\t\t\t\t\t\t\t<div class=\"elementor-repeater-item-9f9ade1 swiper-slide\" role=\"group\" aria-roledescription=\"slide\"><div class=\"swiper-slide-bg elementor-ken-burns elementor-ken-burns--in\" role=\"img\" aria-label=\"IMKL and INSPIRE\"><\/div><a class=\"swiper-slide-inner\" href=\"https:\/\/nordend.eu\/fr\/imkl-lire-et-convertir\/\"><div class=\"swiper-slide-contents\"><div class=\"elementor-slide-heading\">IMKL Lire et Convertir<\/div><div  class=\"elementor-button elementor-slide-button elementor-size-sm\">Plus d'informations<\/div><\/div><\/a><\/div><div class=\"elementor-repeater-item-34e99c8 swiper-slide\" role=\"group\" aria-roledescription=\"slide\"><div class=\"swiper-slide-bg\" role=\"img\" aria-label=\"Manage data\"><\/div><a class=\"swiper-slide-inner\" href=\"https:\/\/nordend.eu\/fr\/cartes-de-randonnees-pedestres-et-cyclistes\/\"><div class=\"swiper-slide-contents\"><div class=\"elementor-slide-heading\">Cartes de randonn\u00e9es p\u00e9destres et cyclistes<\/div><div  class=\"elementor-button elementor-slide-button elementor-size-sm\">Plus d'informations<\/div><\/div><\/a><\/div><div class=\"elementor-repeater-item-b9d9522 swiper-slide\" role=\"group\" aria-roledescription=\"slide\"><div class=\"swiper-slide-bg\" role=\"img\" aria-label=\"Geographic data engineer\"><\/div><a class=\"swiper-slide-inner\" href=\"https:\/\/nordend.eu\/fr\/tableau-de-bord-du-serveur-fme\/\"><div class=\"swiper-slide-contents\"><div class=\"elementor-slide-heading\">Tableau de bord du serveur FME<\/div><div  class=\"elementor-button elementor-slide-button elementor-size-sm\">Plus d'informations<\/div><\/div><\/a><\/div>\t\t\t\t<\/div>\n\t\t\t\t\t\t\t\t\t\t\t\t\t\t\t<div class=\"elementor-swiper-button elementor-swiper-button-prev\" role=\"button\" tabindex=\"0\" aria-label=\"Diapositive pr\u00e9c\u00e9dente\">\n\t\t\t\t\t\t\t<i aria-hidden=\"true\" class=\"eicon-chevron-left\"><\/i>\t\t\t\t\t\t<\/div>\n\t\t\t\t\t\t<div class=\"elementor-swiper-button elementor-swiper-button-next\" role=\"button\" tabindex=\"0\" aria-label=\"Diapositive suivante\">\n\t\t\t\t\t\t\t<i aria-hidden=\"true\" class=\"eicon-chevron-right\"><\/i>\t\t\t\t\t\t<\/div>\n\t\t\t\t\t\t\t\t\t\t\t\t\t\t\t\t<div class=\"swiper-pagination\"><\/div>\n\t\t\t\t\t\t\t\t\t\t\t\t<\/div>\n\t\t\t\t<\/div>\n\t\t\t\t\t\t\t\t<\/div>\n\t\t\t\t<\/div>\n\t\t\t\t\t<\/div>\n\t\t<\/div>\n\t\t\t\t\t<\/div>\n\t\t<\/section>\n\t\t\t\t<\/div>\n\t\t","protected":false},"excerpt":{"rendered":"<p>\u00c9tudes de cas Cartes de randonn\u00e9es p\u00e9destres et cyclistes Expertise de la carte Carte uniforme du Luxembourg Nordend et Red Geographics ont r\u00e9alis\u00e9 conjointement une carte de base pour le Grand-Duch\u00e9 de Luxembourg pour le compte du Minist\u00e8re de l&rsquo;Economie (Direction G\u00e9n\u00e9rale du Tourisme). Notre approche ? Nous avons \u00e9tabli une carte de base \u00e0 [&hellip;]<\/p>\n","protected":false},"author":1,"featured_media":0,"parent":0,"menu_order":0,"comment_status":"closed","ping_status":"closed","template":"elementor_theme","meta":{"footnotes":""},"class_list":["post-2440","page","type-page","status-publish","hentry"],"yoast_head":"<!-- This site is optimized with the Yoast SEO plugin v27.4 - https:\/\/yoast.com\/product\/yoast-seo-wordpress\/ -->\n<title>Cartes de randonn\u00e9es p\u00e9destres et cyclistes - Nordend<\/title>\n<meta name=\"robots\" content=\"index, follow, max-snippet:-1, max-image-preview:large, max-video-preview:-1\" \/>\n<link rel=\"canonical\" href=\"https:\/\/nordend.eu\/fr\/cartes-de-randonnees-pedestres-et-cyclistes\/\" \/>\n<meta property=\"og:locale\" content=\"fr_FR\" \/>\n<meta property=\"og:type\" content=\"article\" \/>\n<meta property=\"og:title\" content=\"Cartes de randonn\u00e9es p\u00e9destres et cyclistes - Nordend\" \/>\n<meta property=\"og:description\" content=\"\u00c9tudes de cas Cartes de randonn\u00e9es p\u00e9destres et cyclistes Expertise de la carte Carte uniforme du Luxembourg Nordend et Red Geographics ont r\u00e9alis\u00e9 conjointement une carte de base pour le Grand-Duch\u00e9 de Luxembourg pour le compte du Minist\u00e8re de l&rsquo;Economie (Direction G\u00e9n\u00e9rale du Tourisme). Notre approche ? Nous avons \u00e9tabli une carte de base \u00e0 [&hellip;]\" \/>\n<meta property=\"og:url\" content=\"https:\/\/nordend.eu\/fr\/cartes-de-randonnees-pedestres-et-cyclistes\/\" \/>\n<meta property=\"og:site_name\" content=\"Nordend\" \/>\n<meta property=\"article:modified_time\" content=\"2024-01-30T16:58:15+00:00\" \/>\n<meta property=\"og:image\" content=\"https:\/\/nordend.eu\/wp-content\/uploads\/2023\/06\/logo-header.png\" \/>\n\t<meta property=\"og:image:width\" content=\"850\" \/>\n\t<meta property=\"og:image:height\" content=\"810\" \/>\n\t<meta property=\"og:image:type\" content=\"image\/png\" \/>\n<meta name=\"twitter:card\" content=\"summary_large_image\" \/>\n<meta name=\"twitter:label1\" content=\"Dur\u00e9e de lecture estim\u00e9e\" \/>\n\t<meta name=\"twitter:data1\" content=\"1 minute\" \/>\n<script type=\"application\/ld+json\" class=\"yoast-schema-graph\">{\"@context\":\"https:\\\/\\\/schema.org\",\"@graph\":[{\"@type\":\"WebPage\",\"@id\":\"https:\\\/\\\/nordend.eu\\\/fr\\\/cartes-de-randonnees-pedestres-et-cyclistes\\\/\",\"url\":\"https:\\\/\\\/nordend.eu\\\/fr\\\/cartes-de-randonnees-pedestres-et-cyclistes\\\/\",\"name\":\"Cartes de randonn\u00e9es p\u00e9destres et cyclistes - Nordend\",\"isPartOf\":{\"@id\":\"https:\\\/\\\/nordend.eu\\\/fr\\\/#website\"},\"datePublished\":\"2023-06-27T09:38:04+00:00\",\"dateModified\":\"2024-01-30T16:58:15+00:00\",\"breadcrumb\":{\"@id\":\"https:\\\/\\\/nordend.eu\\\/fr\\\/cartes-de-randonnees-pedestres-et-cyclistes\\\/#breadcrumb\"},\"inLanguage\":\"fr-FR\",\"potentialAction\":[{\"@type\":\"ReadAction\",\"target\":[\"https:\\\/\\\/nordend.eu\\\/fr\\\/cartes-de-randonnees-pedestres-et-cyclistes\\\/\"]}]},{\"@type\":\"BreadcrumbList\",\"@id\":\"https:\\\/\\\/nordend.eu\\\/fr\\\/cartes-de-randonnees-pedestres-et-cyclistes\\\/#breadcrumb\",\"itemListElement\":[{\"@type\":\"ListItem\",\"position\":1,\"name\":\"Home\",\"item\":\"https:\\\/\\\/nordend.eu\\\/fr\\\/\"},{\"@type\":\"ListItem\",\"position\":2,\"name\":\"Cartes de randonn\u00e9es p\u00e9destres et cyclistes\"}]},{\"@type\":\"WebSite\",\"@id\":\"https:\\\/\\\/nordend.eu\\\/fr\\\/#website\",\"url\":\"https:\\\/\\\/nordend.eu\\\/fr\\\/\",\"name\":\"Nordend\",\"description\":\"Software is the means to an end\",\"publisher\":{\"@id\":\"https:\\\/\\\/nordend.eu\\\/fr\\\/#organization\"},\"potentialAction\":[{\"@type\":\"SearchAction\",\"target\":{\"@type\":\"EntryPoint\",\"urlTemplate\":\"https:\\\/\\\/nordend.eu\\\/fr\\\/?s={search_term_string}\"},\"query-input\":{\"@type\":\"PropertyValueSpecification\",\"valueRequired\":true,\"valueName\":\"search_term_string\"}}],\"inLanguage\":\"fr-FR\"},{\"@type\":\"Organization\",\"@id\":\"https:\\\/\\\/nordend.eu\\\/fr\\\/#organization\",\"name\":\"Nordend\",\"url\":\"https:\\\/\\\/nordend.eu\\\/fr\\\/\",\"logo\":{\"@type\":\"ImageObject\",\"inLanguage\":\"fr-FR\",\"@id\":\"https:\\\/\\\/nordend.eu\\\/fr\\\/#\\\/schema\\\/logo\\\/image\\\/\",\"url\":\"https:\\\/\\\/nordend.eu\\\/wp-content\\\/uploads\\\/2026\\\/03\\\/logo-header-26.png\",\"contentUrl\":\"https:\\\/\\\/nordend.eu\\\/wp-content\\\/uploads\\\/2026\\\/03\\\/logo-header-26.png\",\"width\":850,\"height\":810,\"caption\":\"Nordend\"},\"image\":{\"@id\":\"https:\\\/\\\/nordend.eu\\\/fr\\\/#\\\/schema\\\/logo\\\/image\\\/\"},\"sameAs\":[\"https:\\\/\\\/www.linkedin.com\\\/company\\\/37897769\\\/\"]}]}<\/script>\n<!-- \/ Yoast SEO plugin. -->","yoast_head_json":{"title":"Cartes de randonn\u00e9es p\u00e9destres et cyclistes - Nordend","robots":{"index":"index","follow":"follow","max-snippet":"max-snippet:-1","max-image-preview":"max-image-preview:large","max-video-preview":"max-video-preview:-1"},"canonical":"https:\/\/nordend.eu\/fr\/cartes-de-randonnees-pedestres-et-cyclistes\/","og_locale":"fr_FR","og_type":"article","og_title":"Cartes de randonn\u00e9es p\u00e9destres et cyclistes - Nordend","og_description":"\u00c9tudes de cas Cartes de randonn\u00e9es p\u00e9destres et cyclistes Expertise de la carte Carte uniforme du Luxembourg Nordend et Red Geographics ont r\u00e9alis\u00e9 conjointement une carte de base pour le Grand-Duch\u00e9 de Luxembourg pour le compte du Minist\u00e8re de l&rsquo;Economie (Direction G\u00e9n\u00e9rale du Tourisme). Notre approche ? Nous avons \u00e9tabli une carte de base \u00e0 [&hellip;]","og_url":"https:\/\/nordend.eu\/fr\/cartes-de-randonnees-pedestres-et-cyclistes\/","og_site_name":"Nordend","article_modified_time":"2024-01-30T16:58:15+00:00","og_image":[{"width":850,"height":810,"url":"https:\/\/nordend.eu\/wp-content\/uploads\/2023\/06\/logo-header.png","type":"image\/png"}],"twitter_card":"summary_large_image","twitter_misc":{"Dur\u00e9e de lecture estim\u00e9e":"1 minute"},"schema":{"@context":"https:\/\/schema.org","@graph":[{"@type":"WebPage","@id":"https:\/\/nordend.eu\/fr\/cartes-de-randonnees-pedestres-et-cyclistes\/","url":"https:\/\/nordend.eu\/fr\/cartes-de-randonnees-pedestres-et-cyclistes\/","name":"Cartes de randonn\u00e9es p\u00e9destres et cyclistes - Nordend","isPartOf":{"@id":"https:\/\/nordend.eu\/fr\/#website"},"datePublished":"2023-06-27T09:38:04+00:00","dateModified":"2024-01-30T16:58:15+00:00","breadcrumb":{"@id":"https:\/\/nordend.eu\/fr\/cartes-de-randonnees-pedestres-et-cyclistes\/#breadcrumb"},"inLanguage":"fr-FR","potentialAction":[{"@type":"ReadAction","target":["https:\/\/nordend.eu\/fr\/cartes-de-randonnees-pedestres-et-cyclistes\/"]}]},{"@type":"BreadcrumbList","@id":"https:\/\/nordend.eu\/fr\/cartes-de-randonnees-pedestres-et-cyclistes\/#breadcrumb","itemListElement":[{"@type":"ListItem","position":1,"name":"Home","item":"https:\/\/nordend.eu\/fr\/"},{"@type":"ListItem","position":2,"name":"Cartes de randonn\u00e9es p\u00e9destres et cyclistes"}]},{"@type":"WebSite","@id":"https:\/\/nordend.eu\/fr\/#website","url":"https:\/\/nordend.eu\/fr\/","name":"Nordend","description":"Software is the means to an end","publisher":{"@id":"https:\/\/nordend.eu\/fr\/#organization"},"potentialAction":[{"@type":"SearchAction","target":{"@type":"EntryPoint","urlTemplate":"https:\/\/nordend.eu\/fr\/?s={search_term_string}"},"query-input":{"@type":"PropertyValueSpecification","valueRequired":true,"valueName":"search_term_string"}}],"inLanguage":"fr-FR"},{"@type":"Organization","@id":"https:\/\/nordend.eu\/fr\/#organization","name":"Nordend","url":"https:\/\/nordend.eu\/fr\/","logo":{"@type":"ImageObject","inLanguage":"fr-FR","@id":"https:\/\/nordend.eu\/fr\/#\/schema\/logo\/image\/","url":"https:\/\/nordend.eu\/wp-content\/uploads\/2026\/03\/logo-header-26.png","contentUrl":"https:\/\/nordend.eu\/wp-content\/uploads\/2026\/03\/logo-header-26.png","width":850,"height":810,"caption":"Nordend"},"image":{"@id":"https:\/\/nordend.eu\/fr\/#\/schema\/logo\/image\/"},"sameAs":["https:\/\/www.linkedin.com\/company\/37897769\/"]}]}},"_links":{"self":[{"href":"https:\/\/nordend.eu\/fr\/wp-json\/wp\/v2\/pages\/2440","targetHints":{"allow":["GET"]}}],"collection":[{"href":"https:\/\/nordend.eu\/fr\/wp-json\/wp\/v2\/pages"}],"about":[{"href":"https:\/\/nordend.eu\/fr\/wp-json\/wp\/v2\/types\/page"}],"author":[{"embeddable":true,"href":"https:\/\/nordend.eu\/fr\/wp-json\/wp\/v2\/users\/1"}],"replies":[{"embeddable":true,"href":"https:\/\/nordend.eu\/fr\/wp-json\/wp\/v2\/comments?post=2440"}],"version-history":[{"count":8,"href":"https:\/\/nordend.eu\/fr\/wp-json\/wp\/v2\/pages\/2440\/revisions"}],"predecessor-version":[{"id":3170,"href":"https:\/\/nordend.eu\/fr\/wp-json\/wp\/v2\/pages\/2440\/revisions\/3170"}],"wp:attachment":[{"href":"https:\/\/nordend.eu\/fr\/wp-json\/wp\/v2\/media?parent=2440"}],"curies":[{"name":"wp","href":"https:\/\/api.w.org\/{rel}","templated":true}]}}