{"id":3507,"date":"2023-06-20T15:32:37","date_gmt":"2023-06-20T13:32:37","guid":{"rendered":"https:\/\/nordend.eu\/klip-imkl\/"},"modified":"2024-02-27T12:37:46","modified_gmt":"2024-02-27T11:37:46","slug":"klip-imkl","status":"publish","type":"page","link":"https:\/\/nordend.eu\/fr\/klip-imkl\/","title":{"rendered":"KLIP &#038; IMKL"},"content":{"rendered":"\t\t<div data-elementor-type=\"wp-page\" data-elementor-id=\"3507\" class=\"elementor elementor-3507 elementor-208\" data-elementor-post-type=\"page\">\n\t\t\t\t\t\t<section class=\"elementor-section elementor-top-section elementor-element elementor-element-52330148 elementor-section-height-min-height elementor-section-boxed elementor-section-height-default elementor-section-items-middle\" data-id=\"52330148\" data-element_type=\"section\" data-e-type=\"section\" data-settings=\"{&quot;background_background&quot;:&quot;classic&quot;,&quot;ekit_has_onepagescroll_dot&quot;:&quot;yes&quot;}\">\n\t\t\t\t\t\t\t<div class=\"elementor-background-overlay\"><\/div>\n\t\t\t\t\t\t\t<div class=\"elementor-container elementor-column-gap-default\">\n\t\t\t\t\t<div class=\"elementor-column elementor-col-100 elementor-top-column elementor-element elementor-element-8fa95b4\" data-id=\"8fa95b4\" data-element_type=\"column\" data-e-type=\"column\">\n\t\t\t<div class=\"elementor-widget-wrap elementor-element-populated\">\n\t\t\t\t\t\t<div class=\"elementor-element elementor-element-441f3db elementor-widget elementor-widget-heading\" data-id=\"441f3db\" data-element_type=\"widget\" data-e-type=\"widget\" data-settings=\"{&quot;ekit_we_effect_on&quot;:&quot;none&quot;}\" data-widget_type=\"heading.default\">\n\t\t\t\t<div class=\"elementor-widget-container\">\n\t\t\t\t\t<span class=\"elementor-heading-title elementor-size-default\">Kabel- en Leidinginformatieportaal<\/span>\t\t\t\t<\/div>\n\t\t\t\t<\/div>\n\t\t\t\t<div class=\"elementor-element elementor-element-7c8963b elementor-widget-divider--view-line elementor-widget elementor-widget-divider\" data-id=\"7c8963b\" data-element_type=\"widget\" data-e-type=\"widget\" data-settings=\"{&quot;ekit_we_effect_on&quot;:&quot;none&quot;}\" data-widget_type=\"divider.default\">\n\t\t\t\t<div class=\"elementor-widget-container\">\n\t\t\t\t\t\t\t<div class=\"elementor-divider\">\n\t\t\t<span class=\"elementor-divider-separator\">\n\t\t\t\t\t\t<\/span>\n\t\t<\/div>\n\t\t\t\t\t\t<\/div>\n\t\t\t\t<\/div>\n\t\t\t\t<div class=\"elementor-element elementor-element-49b1c44d elementor-widget elementor-widget-heading\" data-id=\"49b1c44d\" data-element_type=\"widget\" data-e-type=\"widget\" data-settings=\"{&quot;ekit_we_effect_on&quot;:&quot;none&quot;}\" data-widget_type=\"heading.default\">\n\t\t\t\t<div class=\"elementor-widget-container\">\n\t\t\t\t\t<h1 class=\"elementor-heading-title elementor-size-default\">KLIP &amp; IMKL<\/h1>\t\t\t\t<\/div>\n\t\t\t\t<\/div>\n\t\t\t\t\t<\/div>\n\t\t<\/div>\n\t\t\t\t\t<\/div>\n\t\t<\/section>\n\t\t\t\t<section class=\"elementor-section elementor-top-section elementor-element elementor-element-19c02102 elementor-section-boxed elementor-section-height-default elementor-section-height-default\" data-id=\"19c02102\" data-element_type=\"section\" data-e-type=\"section\" data-settings=\"{&quot;ekit_has_onepagescroll_dot&quot;:&quot;yes&quot;}\">\n\t\t\t\t\t\t<div class=\"elementor-container elementor-column-gap-default\">\n\t\t\t\t\t<div class=\"elementor-column elementor-col-100 elementor-top-column elementor-element elementor-element-7fe85cf6\" data-id=\"7fe85cf6\" data-element_type=\"column\" data-e-type=\"column\">\n\t\t\t<div class=\"elementor-widget-wrap elementor-element-populated\">\n\t\t\t\t\t\t<div class=\"elementor-element elementor-element-d0c34b4 elementor-widget elementor-widget-heading\" data-id=\"d0c34b4\" data-element_type=\"widget\" data-e-type=\"widget\" data-settings=\"{&quot;ekit_we_effect_on&quot;:&quot;none&quot;}\" data-widget_type=\"heading.default\">\n\t\t\t\t<div class=\"elementor-widget-container\">\n\t\t\t\t\t<span class=\"elementor-heading-title elementor-size-default\">Kabel- en Leidinginformatieportaal<\/span>\t\t\t\t<\/div>\n\t\t\t\t<\/div>\n\t\t\t\t<div class=\"elementor-element elementor-element-926eeca elementor-widget__width-auto elementor-widget elementor-widget-heading\" data-id=\"926eeca\" data-element_type=\"widget\" data-e-type=\"widget\" data-settings=\"{&quot;ekit_we_effect_on&quot;:&quot;none&quot;}\" data-widget_type=\"heading.default\">\n\t\t\t\t<div class=\"elementor-widget-container\">\n\t\t\t\t\t<h2 class=\"elementor-heading-title elementor-size-default\">Qu\u2019est-ce que le KLIP\u00a0?<\/h2>\t\t\t\t<\/div>\n\t\t\t\t<\/div>\n\t\t\t\t<div class=\"elementor-element elementor-element-2920e274 elementor-widget elementor-widget-text-editor\" data-id=\"2920e274\" data-element_type=\"widget\" data-e-type=\"widget\" data-settings=\"{&quot;ekit_we_effect_on&quot;:&quot;none&quot;}\" data-widget_type=\"text-editor.default\">\n\t\t\t\t<div class=\"elementor-widget-container\">\n\t\t\t\t\t\t\t\t\t<p>KLIP (<a href=\"https:\/\/klip.vlaanderen.be\/public\">Kabel- en LeidinginformatiepPortaal<\/a>) est la <strong>plateforme en ligne<\/strong> en Flandre, Belgique, <strong>con\u00e7ue pour pr\u00e9venir les dommages aux services publics souterrains<\/strong>. Elle fait office de syst\u00e8me \u00ab Call Before You Dig <strong>\u00bb<\/strong> (CBYD). Lorsque des particuliers ou des entreprises <strong>pr\u00e9voient d\u2019effectuer des travaux d\u2019excavation, ils doivent soumettre leurs plans d\u2019excavation au KLIP<\/strong>. Les op\u00e9rateurs de services publics fournissent alors \u00e0 l\u2019excavateur des informations sur l\u2019emplacement des services publics souterrains dans la zone d\u2019excavation pr\u00e9vue, ce qui <strong>garantit des pratiques d\u2019excavation plus s\u00fbres<\/strong> et<strong> r\u00e9duit le risque d\u2019endommager l\u2019infrastructure souterraine<\/strong>.<\/p>\n\t\t\t\t\t\t\t\t<\/div>\n\t\t\t\t<\/div>\n\t\t\t\t\t<\/div>\n\t\t<\/div>\n\t\t\t\t\t<\/div>\n\t\t<\/section>\n\t\t\t\t<section class=\"elementor-section elementor-top-section elementor-element elementor-element-5eb64b3 elementor-reverse-tablet elementor-reverse-mobile elementor-section-boxed elementor-section-height-default elementor-section-height-default\" data-id=\"5eb64b3\" data-element_type=\"section\" data-e-type=\"section\" data-settings=\"{&quot;ekit_has_onepagescroll_dot&quot;:&quot;yes&quot;}\">\n\t\t\t\t\t\t<div class=\"elementor-container elementor-column-gap-default\">\n\t\t\t\t\t<div class=\"elementor-column elementor-col-50 elementor-top-column elementor-element elementor-element-de993fa\" data-id=\"de993fa\" data-element_type=\"column\" data-e-type=\"column\" data-settings=\"{&quot;background_background&quot;:&quot;classic&quot;}\">\n\t\t\t<div class=\"elementor-widget-wrap elementor-element-populated\">\n\t\t\t\t\t\t<div class=\"elementor-element elementor-element-b388c53 elementor-widget elementor-widget-heading\" data-id=\"b388c53\" data-element_type=\"widget\" data-e-type=\"widget\" data-settings=\"{&quot;ekit_we_effect_on&quot;:&quot;none&quot;}\" data-widget_type=\"heading.default\">\n\t\t\t\t<div class=\"elementor-widget-container\">\n\t\t\t\t\t<span class=\"elementor-heading-title elementor-size-default\">Informatiemodel Kabels en Leidingen<\/span>\t\t\t\t<\/div>\n\t\t\t\t<\/div>\n\t\t\t\t<div class=\"elementor-element elementor-element-56f8e17 elementor-widget__width-auto elementor-widget elementor-widget-heading\" data-id=\"56f8e17\" data-element_type=\"widget\" data-e-type=\"widget\" data-settings=\"{&quot;ekit_we_effect_on&quot;:&quot;none&quot;}\" data-widget_type=\"heading.default\">\n\t\t\t\t<div class=\"elementor-widget-container\">\n\t\t\t\t\t<h2 class=\"elementor-heading-title elementor-size-default\">Qu\u2019est-ce que l\u2019IMKL\u00a0?<\/h2>\t\t\t\t<\/div>\n\t\t\t\t<\/div>\n\t\t\t\t<div class=\"elementor-element elementor-element-dc3e4e7 elementor-widget elementor-widget-text-editor\" data-id=\"dc3e4e7\" data-element_type=\"widget\" data-e-type=\"widget\" data-settings=\"{&quot;ekit_we_effect_on&quot;:&quot;none&quot;}\" data-widget_type=\"text-editor.default\">\n\t\t\t\t<div class=\"elementor-widget-container\">\n\t\t\t\t\t\t\t\t\t<p>IMKL, qui signifie Informatiemodel Kabels en Leidingen, est le mod\u00e8le d\u2019information pour les c\u00e2bles et les tuyaux en Belgique et aux Pays-Bas, utilis\u00e9 respectivement par le KLIP et le KLIC. Il fournit un <strong>moyen normalis\u00e9 de repr\u00e9senter les informations relatives aux infrastructures souterraines<\/strong>, telles que l\u2019emplacement et les caract\u00e9ristiques des services publics comme le gaz, l\u2019eau, l\u2019\u00e9lectricit\u00e9 et les t\u00e9l\u00e9communications.<\/p>\n<p>Cette normalisation est extr\u00eamement importante car elle permet d\u2019<strong>\u00e9viter d\u2019endommager ces services publics<\/strong> pendant les activit\u00e9s d\u2019excavation et de construction, <strong>garantissant<\/strong> ainsi <strong>la s\u00e9curit\u00e9 des travailleurs et du public<\/strong> <strong>et r\u00e9duisant le risque d\u2019interruption des services<\/strong>.<\/p>\n<p>Ce mod\u00e8le relie les objets physiques (c\u00e2bles et tuyaux) \u00e0 leurs informations g\u00e9ospatiales (emplacements), ce qui permet de <strong>repr\u00e9senter visuellement<\/strong> ces objets <strong>et de les localiser avec pr\u00e9cision sur une carte<\/strong>.<\/p>\n<p>Des <strong>attributs g\u00e9ospatiaux sont associ\u00e9s \u00e0<\/strong> chaque objet IMKL (tel qu\u2019un tuyau, un c\u00e2ble ou un coffret de branchement), notamment ses <strong>coordonn\u00e9es g\u00e9ographiques et sa position relative<\/strong> par rapport \u00e0 d\u2019autres objets. Ces informations peuvent \u00eatre utilis\u00e9es pour cr\u00e9er des cartes tr\u00e8s d\u00e9taill\u00e9es et pr\u00e9cises des infrastructures souterraines.<\/p>\n\t\t\t\t\t\t\t\t<\/div>\n\t\t\t\t<\/div>\n\t\t\t\t\t<\/div>\n\t\t<\/div>\n\t\t\t\t<div class=\"elementor-column elementor-col-50 elementor-top-column elementor-element elementor-element-6d1ef37\" data-id=\"6d1ef37\" data-element_type=\"column\" data-e-type=\"column\" data-settings=\"{&quot;background_background&quot;:&quot;classic&quot;}\">\n\t\t\t<div class=\"elementor-widget-wrap elementor-element-populated\">\n\t\t\t\t\t\t<div class=\"elementor-element elementor-element-0905b6c elementor-widget elementor-widget-spacer\" data-id=\"0905b6c\" data-element_type=\"widget\" data-e-type=\"widget\" data-settings=\"{&quot;ekit_we_effect_on&quot;:&quot;none&quot;}\" data-widget_type=\"spacer.default\">\n\t\t\t\t<div class=\"elementor-widget-container\">\n\t\t\t\t\t\t\t<div class=\"elementor-spacer\">\n\t\t\t<div class=\"elementor-spacer-inner\"><\/div>\n\t\t<\/div>\n\t\t\t\t\t\t<\/div>\n\t\t\t\t<\/div>\n\t\t\t\t\t<\/div>\n\t\t<\/div>\n\t\t\t\t\t<\/div>\n\t\t<\/section>\n\t\t\t\t<section class=\"elementor-section elementor-top-section elementor-element elementor-element-ea2fdae elementor-section-full_width elementor-section-height-default elementor-section-height-default\" data-id=\"ea2fdae\" data-element_type=\"section\" data-e-type=\"section\" data-settings=\"{&quot;background_background&quot;:&quot;classic&quot;,&quot;ekit_has_onepagescroll_dot&quot;:&quot;yes&quot;}\">\n\t\t\t\t\t\t\t<div class=\"elementor-background-overlay\"><\/div>\n\t\t\t\t\t\t\t<div class=\"elementor-container elementor-column-gap-default\">\n\t\t\t\t\t<div class=\"elementor-column elementor-col-50 elementor-top-column elementor-element elementor-element-718d179\" data-id=\"718d179\" data-element_type=\"column\" data-e-type=\"column\" data-settings=\"{&quot;background_background&quot;:&quot;classic&quot;}\">\n\t\t\t<div class=\"elementor-widget-wrap elementor-element-populated\">\n\t\t\t\t\t\t<div class=\"elementor-element elementor-element-fa9d42c elementor-widget elementor-widget-spacer\" data-id=\"fa9d42c\" data-element_type=\"widget\" data-e-type=\"widget\" data-settings=\"{&quot;ekit_we_effect_on&quot;:&quot;none&quot;}\" data-widget_type=\"spacer.default\">\n\t\t\t\t<div class=\"elementor-widget-container\">\n\t\t\t\t\t\t\t<div class=\"elementor-spacer\">\n\t\t\t<div class=\"elementor-spacer-inner\"><\/div>\n\t\t<\/div>\n\t\t\t\t\t\t<\/div>\n\t\t\t\t<\/div>\n\t\t\t\t\t<\/div>\n\t\t<\/div>\n\t\t\t\t<div class=\"elementor-column elementor-col-50 elementor-top-column elementor-element elementor-element-78ddf7e\" data-id=\"78ddf7e\" data-element_type=\"column\" data-e-type=\"column\">\n\t\t\t<div class=\"elementor-widget-wrap elementor-element-populated\">\n\t\t\t\t\t\t<div class=\"elementor-element elementor-element-0e7a94e elementor-widget elementor-widget-text-editor\" data-id=\"0e7a94e\" data-element_type=\"widget\" data-e-type=\"widget\" data-settings=\"{&quot;ekit_we_effect_on&quot;:&quot;none&quot;}\" data-widget_type=\"text-editor.default\">\n\t\t\t\t<div class=\"elementor-widget-container\">\n\t\t\t\t\t\t\t\t\t<p>Il convient \u00e9galement de mentionner que l\u2019IMKL est <strong>bas\u00e9 sur la norme internationale INSPIRE<\/strong>  (Infrastructure d\u2019information spatiale dans la Communaut\u00e9 europ\u00e9enne), et qu\u2019il <strong>s\u2019aligne sur la norme belge KLIP<\/strong>. Le projet a \u00e9t\u00e9 r\u00e9alis\u00e9 par Digitaal Vlaanderen, l\u2019agence pour les mod\u00e8les d\u2019information en Belgique, et avec l\u2019aide de l\u2019Agence europ\u00e9enne pour l\u2019environnement.  <strong>Norme n\u00e9erlandaise NEN 3610<\/strong> Mod\u00e8le de base pour l\u2019infrastructure, base des mod\u00e8les de g\u00e9o-information aux Pays-Bas.<\/p>\n\t\t\t\t\t\t\t\t<\/div>\n\t\t\t\t<\/div>\n\t\t\t\t\t<\/div>\n\t\t<\/div>\n\t\t\t\t\t<\/div>\n\t\t<\/section>\n\t\t\t\t<section data-ekitparallax=\"{&quot;ekit_section_parallax_bg&quot;:&quot;yes&quot;,&quot;ekit_section_parallax_bg_speed&quot;:0.5,&quot;elementor_lazy_load&quot;:&quot;1&quot;}\" class=\"elementor-section elementor-top-section elementor-element elementor-element-3e2353cc elementor-section-full_width elementor-section-height-default elementor-section-height-default\" data-id=\"3e2353cc\" data-element_type=\"section\" data-e-type=\"section\" data-settings=\"{&quot;background_background&quot;:&quot;classic&quot;,&quot;ekit_has_onepagescroll_dot&quot;:&quot;yes&quot;}\">\n\t\t\t\t\t\t\t<div class=\"elementor-background-overlay\"><\/div>\n\t\t\t\t\t\t\t<div class=\"elementor-container elementor-column-gap-default\">\n\t\t\t\t\t<div class=\"elementor-column elementor-col-100 elementor-top-column elementor-element elementor-element-17fdb967\" data-id=\"17fdb967\" data-element_type=\"column\" data-e-type=\"column\">\n\t\t\t<div class=\"elementor-widget-wrap elementor-element-populated\">\n\t\t\t\t\t\t<section class=\"elementor-section elementor-inner-section elementor-element elementor-element-3e49381d elementor-section-boxed elementor-section-height-default elementor-section-height-default\" data-id=\"3e49381d\" data-element_type=\"section\" data-e-type=\"section\" data-settings=\"{&quot;ekit_has_onepagescroll_dot&quot;:&quot;yes&quot;}\">\n\t\t\t\t\t\t<div class=\"elementor-container elementor-column-gap-default\">\n\t\t\t\t\t<div class=\"elementor-column elementor-col-100 elementor-inner-column elementor-element elementor-element-6b55089\" data-id=\"6b55089\" data-element_type=\"column\" data-e-type=\"column\">\n\t\t\t<div class=\"elementor-widget-wrap elementor-element-populated\">\n\t\t\t\t\t\t<div class=\"elementor-element elementor-element-b898363 elementor-widget elementor-widget-heading\" data-id=\"b898363\" data-element_type=\"widget\" data-e-type=\"widget\" data-settings=\"{&quot;ekit_we_effect_on&quot;:&quot;none&quot;}\" data-widget_type=\"heading.default\">\n\t\t\t\t<div class=\"elementor-widget-container\">\n\t\t\t\t\t<span class=\"elementor-heading-title elementor-size-default\">Interop\u00e9rabilit\u00e9<\/span>\t\t\t\t<\/div>\n\t\t\t\t<\/div>\n\t\t\t\t<div class=\"elementor-element elementor-element-1bb67818 elementor-widget elementor-widget-heading\" data-id=\"1bb67818\" data-element_type=\"widget\" data-e-type=\"widget\" data-settings=\"{&quot;ekit_we_effect_on&quot;:&quot;none&quot;}\" data-widget_type=\"heading.default\">\n\t\t\t\t<div class=\"elementor-widget-container\">\n\t\t\t\t\t<h2 class=\"elementor-heading-title elementor-size-default\">Le lien critique entre l\u2019infrastructure et le monde num\u00e9rique<\/h2>\t\t\t\t<\/div>\n\t\t\t\t<\/div>\n\t\t\t\t<div class=\"elementor-element elementor-element-517ec2c elementor-widget elementor-widget-text-editor\" data-id=\"517ec2c\" data-element_type=\"widget\" data-e-type=\"widget\" data-settings=\"{&quot;ekit_we_effect_on&quot;:&quot;none&quot;}\" data-widget_type=\"text-editor.default\">\n\t\t\t\t<div class=\"elementor-widget-container\">\n\t\t\t\t\t\t\t\t\t<p>Ces alignements garantissent l\u2019<strong>interop\u00e9rabilit\u00e9 de<\/strong> l\u2019IMKL <strong>avec d\u2019autres syst\u00e8mes de donn\u00e9es g\u00e9ospatiales<\/strong>, tant au niveau national qu\u2019international, ce qui est essentiel pour le partage et l\u2019int\u00e9gration des donn\u00e9es entre de multiples organisations, syst\u00e8mes et juridictions.<\/p>\n<p>En conclusion, l\u2019IMKL constitue un <strong>lien essentiel entre le monde physique <\/strong>des infrastructures souterraines et le <strong>monde num\u00e9rique<\/strong> des donn\u00e9es g\u00e9ographiques et g\u00e9ospatiales. Il fournit une m\u00e9thode normalis\u00e9e de repr\u00e9sentation et d\u2019utilisation de ces donn\u00e9es, permettant une <strong>cartographie pr\u00e9cise, une gestion efficace des donn\u00e9es et une prise de d\u00e9cision efficace<\/strong> en ce qui concerne les infrastructures souterraines.<\/p>\n\t\t\t\t\t\t\t\t<\/div>\n\t\t\t\t<\/div>\n\t\t\t\t<div class=\"elementor-element elementor-element-04de780 elementor-align-center elementor-widget elementor-widget-button\" data-id=\"04de780\" data-element_type=\"widget\" data-e-type=\"widget\" data-settings=\"{&quot;ekit_we_effect_on&quot;:&quot;none&quot;}\" data-widget_type=\"button.default\">\n\t\t\t\t<div class=\"elementor-widget-container\">\n\t\t\t\t\t\t\t\t\t<div class=\"elementor-button-wrapper\">\n\t\t\t\t\t<a class=\"elementor-button elementor-button-link elementor-size-sm\" href=\"https:\/\/nordend.eu\/fr\/contact\/\">\n\t\t\t\t\t\t<span class=\"elementor-button-content-wrapper\">\n\t\t\t\t\t\t\t\t\t<span class=\"elementor-button-text\">Vous souhaitez savoir comment Nordend peut vous aider \u00e0 int\u00e9grer le KLIP et l\u2019IMKL ?<\/span>\n\t\t\t\t\t<\/span>\n\t\t\t\t\t<\/a>\n\t\t\t\t<\/div>\n\t\t\t\t\t\t\t\t<\/div>\n\t\t\t\t<\/div>\n\t\t\t\t\t<\/div>\n\t\t<\/div>\n\t\t\t\t\t<\/div>\n\t\t<\/section>\n\t\t\t\t\t<\/div>\n\t\t<\/div>\n\t\t\t\t\t<\/div>\n\t\t<\/section>\n\t\t\t\t<\/div>\n\t\t","protected":false},"excerpt":{"rendered":"<p>Kabel- en Leidinginformatieportaal KLIP &#038; IMKL Kabel- en Leidinginformatieportaal Qu\u2019est-ce que le KLIP\u00a0? KLIP (Kabel- en LeidinginformatiepPortaal) est la plateforme en ligne en Flandre, Belgique, con\u00e7ue pour pr\u00e9venir les dommages aux services publics souterrains. Elle fait office de syst\u00e8me \u00ab Call Before You Dig \u00bb (CBYD). Lorsque des particuliers ou des entreprises pr\u00e9voient d\u2019effectuer des [&hellip;]<\/p>\n","protected":false},"author":1,"featured_media":0,"parent":0,"menu_order":0,"comment_status":"closed","ping_status":"closed","template":"elementor_theme","meta":{"footnotes":""},"class_list":["post-3507","page","type-page","status-publish","hentry"],"yoast_head":"<!-- This site is optimized with the Yoast SEO plugin v27.3 - https:\/\/yoast.com\/product\/yoast-seo-wordpress\/ -->\n<title>KLIP &amp; IMKL - Nordend<\/title>\n<meta name=\"description\" content=\"KLIP (Kabel en Leiding Informatie Portaal) est la plateforme en ligne en Flandre, Belgique, con\u00e7ue pour pr\u00e9venir les dommages aux services publics souterrains.\" \/>\n<meta name=\"robots\" content=\"index, follow, max-snippet:-1, max-image-preview:large, max-video-preview:-1\" \/>\n<link rel=\"canonical\" href=\"https:\/\/nordend.eu\/fr\/klip-imkl\/\" \/>\n<meta property=\"og:locale\" content=\"fr_FR\" \/>\n<meta property=\"og:type\" content=\"article\" \/>\n<meta property=\"og:title\" content=\"KLIP &amp; IMKL - Nordend\" \/>\n<meta property=\"og:description\" content=\"KLIP (Kabel en Leiding Informatie Portaal) est la plateforme en ligne en Flandre, Belgique, con\u00e7ue pour pr\u00e9venir les dommages aux services publics souterrains.\" \/>\n<meta property=\"og:url\" content=\"https:\/\/nordend.eu\/fr\/klip-imkl\/\" \/>\n<meta property=\"og:site_name\" content=\"Nordend\" \/>\n<meta property=\"article:modified_time\" content=\"2024-02-27T11:37:46+00:00\" \/>\n<meta property=\"og:image\" content=\"https:\/\/nordend.eu\/wp-content\/uploads\/2023\/06\/logo-header.png\" \/>\n\t<meta property=\"og:image:width\" content=\"850\" \/>\n\t<meta property=\"og:image:height\" content=\"810\" \/>\n\t<meta property=\"og:image:type\" content=\"image\/png\" \/>\n<meta name=\"twitter:card\" content=\"summary_large_image\" \/>\n<meta name=\"twitter:label1\" content=\"Dur\u00e9e de lecture estim\u00e9e\" \/>\n\t<meta name=\"twitter:data1\" content=\"3 minutes\" \/>\n<script type=\"application\/ld+json\" class=\"yoast-schema-graph\">{\"@context\":\"https:\\\/\\\/schema.org\",\"@graph\":[{\"@type\":\"WebPage\",\"@id\":\"https:\\\/\\\/nordend.eu\\\/fr\\\/klip-imkl\\\/\",\"url\":\"https:\\\/\\\/nordend.eu\\\/fr\\\/klip-imkl\\\/\",\"name\":\"KLIP & IMKL - Nordend\",\"isPartOf\":{\"@id\":\"https:\\\/\\\/nordend.eu\\\/fr\\\/#website\"},\"datePublished\":\"2023-06-20T13:32:37+00:00\",\"dateModified\":\"2024-02-27T11:37:46+00:00\",\"description\":\"KLIP (Kabel en Leiding Informatie Portaal) est la plateforme en ligne en Flandre, Belgique, con\u00e7ue pour pr\u00e9venir les dommages aux services publics souterrains.\",\"breadcrumb\":{\"@id\":\"https:\\\/\\\/nordend.eu\\\/fr\\\/klip-imkl\\\/#breadcrumb\"},\"inLanguage\":\"fr-FR\",\"potentialAction\":[{\"@type\":\"ReadAction\",\"target\":[\"https:\\\/\\\/nordend.eu\\\/fr\\\/klip-imkl\\\/\"]}]},{\"@type\":\"BreadcrumbList\",\"@id\":\"https:\\\/\\\/nordend.eu\\\/fr\\\/klip-imkl\\\/#breadcrumb\",\"itemListElement\":[{\"@type\":\"ListItem\",\"position\":1,\"name\":\"Home\",\"item\":\"https:\\\/\\\/nordend.eu\\\/fr\\\/\"},{\"@type\":\"ListItem\",\"position\":2,\"name\":\"KLIP &#038; IMKL\"}]},{\"@type\":\"WebSite\",\"@id\":\"https:\\\/\\\/nordend.eu\\\/fr\\\/#website\",\"url\":\"https:\\\/\\\/nordend.eu\\\/fr\\\/\",\"name\":\"Nordend\",\"description\":\"Software is the means to an end\",\"publisher\":{\"@id\":\"https:\\\/\\\/nordend.eu\\\/fr\\\/#organization\"},\"potentialAction\":[{\"@type\":\"SearchAction\",\"target\":{\"@type\":\"EntryPoint\",\"urlTemplate\":\"https:\\\/\\\/nordend.eu\\\/fr\\\/?s={search_term_string}\"},\"query-input\":{\"@type\":\"PropertyValueSpecification\",\"valueRequired\":true,\"valueName\":\"search_term_string\"}}],\"inLanguage\":\"fr-FR\"},{\"@type\":\"Organization\",\"@id\":\"https:\\\/\\\/nordend.eu\\\/fr\\\/#organization\",\"name\":\"Nordend\",\"url\":\"https:\\\/\\\/nordend.eu\\\/fr\\\/\",\"logo\":{\"@type\":\"ImageObject\",\"inLanguage\":\"fr-FR\",\"@id\":\"https:\\\/\\\/nordend.eu\\\/fr\\\/#\\\/schema\\\/logo\\\/image\\\/\",\"url\":\"https:\\\/\\\/nordend.eu\\\/wp-content\\\/uploads\\\/2026\\\/03\\\/logo-header-26.png\",\"contentUrl\":\"https:\\\/\\\/nordend.eu\\\/wp-content\\\/uploads\\\/2026\\\/03\\\/logo-header-26.png\",\"width\":850,\"height\":810,\"caption\":\"Nordend\"},\"image\":{\"@id\":\"https:\\\/\\\/nordend.eu\\\/fr\\\/#\\\/schema\\\/logo\\\/image\\\/\"},\"sameAs\":[\"https:\\\/\\\/www.linkedin.com\\\/company\\\/37897769\\\/\"]}]}<\/script>\n<!-- \/ Yoast SEO plugin. -->","yoast_head_json":{"title":"KLIP & IMKL - Nordend","description":"KLIP (Kabel en Leiding Informatie Portaal) est la plateforme en ligne en Flandre, Belgique, con\u00e7ue pour pr\u00e9venir les dommages aux services publics souterrains.","robots":{"index":"index","follow":"follow","max-snippet":"max-snippet:-1","max-image-preview":"max-image-preview:large","max-video-preview":"max-video-preview:-1"},"canonical":"https:\/\/nordend.eu\/fr\/klip-imkl\/","og_locale":"fr_FR","og_type":"article","og_title":"KLIP & IMKL - Nordend","og_description":"KLIP (Kabel en Leiding Informatie Portaal) est la plateforme en ligne en Flandre, Belgique, con\u00e7ue pour pr\u00e9venir les dommages aux services publics souterrains.","og_url":"https:\/\/nordend.eu\/fr\/klip-imkl\/","og_site_name":"Nordend","article_modified_time":"2024-02-27T11:37:46+00:00","og_image":[{"width":850,"height":810,"url":"https:\/\/nordend.eu\/wp-content\/uploads\/2023\/06\/logo-header.png","type":"image\/png"}],"twitter_card":"summary_large_image","twitter_misc":{"Dur\u00e9e de lecture estim\u00e9e":"3 minutes"},"schema":{"@context":"https:\/\/schema.org","@graph":[{"@type":"WebPage","@id":"https:\/\/nordend.eu\/fr\/klip-imkl\/","url":"https:\/\/nordend.eu\/fr\/klip-imkl\/","name":"KLIP & IMKL - Nordend","isPartOf":{"@id":"https:\/\/nordend.eu\/fr\/#website"},"datePublished":"2023-06-20T13:32:37+00:00","dateModified":"2024-02-27T11:37:46+00:00","description":"KLIP (Kabel en Leiding Informatie Portaal) est la plateforme en ligne en Flandre, Belgique, con\u00e7ue pour pr\u00e9venir les dommages aux services publics souterrains.","breadcrumb":{"@id":"https:\/\/nordend.eu\/fr\/klip-imkl\/#breadcrumb"},"inLanguage":"fr-FR","potentialAction":[{"@type":"ReadAction","target":["https:\/\/nordend.eu\/fr\/klip-imkl\/"]}]},{"@type":"BreadcrumbList","@id":"https:\/\/nordend.eu\/fr\/klip-imkl\/#breadcrumb","itemListElement":[{"@type":"ListItem","position":1,"name":"Home","item":"https:\/\/nordend.eu\/fr\/"},{"@type":"ListItem","position":2,"name":"KLIP &#038; IMKL"}]},{"@type":"WebSite","@id":"https:\/\/nordend.eu\/fr\/#website","url":"https:\/\/nordend.eu\/fr\/","name":"Nordend","description":"Software is the means to an end","publisher":{"@id":"https:\/\/nordend.eu\/fr\/#organization"},"potentialAction":[{"@type":"SearchAction","target":{"@type":"EntryPoint","urlTemplate":"https:\/\/nordend.eu\/fr\/?s={search_term_string}"},"query-input":{"@type":"PropertyValueSpecification","valueRequired":true,"valueName":"search_term_string"}}],"inLanguage":"fr-FR"},{"@type":"Organization","@id":"https:\/\/nordend.eu\/fr\/#organization","name":"Nordend","url":"https:\/\/nordend.eu\/fr\/","logo":{"@type":"ImageObject","inLanguage":"fr-FR","@id":"https:\/\/nordend.eu\/fr\/#\/schema\/logo\/image\/","url":"https:\/\/nordend.eu\/wp-content\/uploads\/2026\/03\/logo-header-26.png","contentUrl":"https:\/\/nordend.eu\/wp-content\/uploads\/2026\/03\/logo-header-26.png","width":850,"height":810,"caption":"Nordend"},"image":{"@id":"https:\/\/nordend.eu\/fr\/#\/schema\/logo\/image\/"},"sameAs":["https:\/\/www.linkedin.com\/company\/37897769\/"]}]}},"_links":{"self":[{"href":"https:\/\/nordend.eu\/fr\/wp-json\/wp\/v2\/pages\/3507","targetHints":{"allow":["GET"]}}],"collection":[{"href":"https:\/\/nordend.eu\/fr\/wp-json\/wp\/v2\/pages"}],"about":[{"href":"https:\/\/nordend.eu\/fr\/wp-json\/wp\/v2\/types\/page"}],"author":[{"embeddable":true,"href":"https:\/\/nordend.eu\/fr\/wp-json\/wp\/v2\/users\/1"}],"replies":[{"embeddable":true,"href":"https:\/\/nordend.eu\/fr\/wp-json\/wp\/v2\/comments?post=3507"}],"version-history":[{"count":6,"href":"https:\/\/nordend.eu\/fr\/wp-json\/wp\/v2\/pages\/3507\/revisions"}],"predecessor-version":[{"id":3984,"href":"https:\/\/nordend.eu\/fr\/wp-json\/wp\/v2\/pages\/3507\/revisions\/3984"}],"wp:attachment":[{"href":"https:\/\/nordend.eu\/fr\/wp-json\/wp\/v2\/media?parent=3507"}],"curies":[{"name":"wp","href":"https:\/\/api.w.org\/{rel}","templated":true}]}}